{"id":4721,"date":"2022-08-14T20:26:27","date_gmt":"2022-08-14T20:26:27","guid":{"rendered":"https:\/\/www.balvinihealth.com\/de\/?page_id=4721"},"modified":"2024-03-11T18:02:58","modified_gmt":"2024-03-11T18:02:58","slug":"vision-treatments","status":"publish","type":"page","link":"https:\/\/www.balvinihealth.com\/de\/vision-treatments\/","title":{"rendered":"\u200bVISION TREATMENT"},"content":{"rendered":"\n    \n    <section class=\"u-align-left u-clearfix u-grey-10 u-section-2\" id=\"carousel_127a\">\n      <div class=\"u-clearfix u-sheet u-sheet-1\">\n        <h4 class=\"u-text u-text-1\" data-lang-tr=\"<a href=&quot;https:\/\/www.investopedia.com\/real-estate-investing-4689779&quot; class=&quot;breadcrumbs__link&quot;>\u200b<\/a>ALL TREATMENTS\">\n          <a href=\"https:\/\/www.investopedia.com\/real-estate-investing-4689779\" class=\"breadcrumbs__link\"><\/a> ALLE\nBEHANDLUNGEN&nbsp;&nbsp;\n        <\/h4>\n        <h2 class=\"u-text u-text-2\" data-lang-tr=\"\u200bOur Eye Treatment Services\"> Augenbehandlungen;<\/h2>\n        <p class=\"u-text u-text-3\" data-lang-tr=\"\u200bBalvini Health is happy to assist\nyou in diagnosing and treating all different kinds of vision problems with the\nassistance of eye specialist physicians.\"> Balvini Health is happy to assist you in the diagnosis and trea\nBalvini Health unterst\u00fctzt Sie gerne mit Hilfe seiner\nVertragsinstitutionen bei der Diagnose und Behandlung von Sehproblemen aller\nArt.\ntment of all kinds of vision problems with its contracted institutions.<\/p>\n        <div class=\"u-clearfix u-expanded-width-lg u-expanded-width-sm u-expanded-width-xl u-expanded-width-xs u-gutter-20 u-layout-wrap u-layout-wrap-1\">\n          <div class=\"u-gutter-0 u-layout\">\n            <div class=\"u-layout-col\">\n              <div class=\"u-size-30\">\n                <div class=\"u-layout-row\">\n                  <div class=\"u-container-style u-hover-feature u-image u-layout-cell u-size-15 u-size-30-md lazyload u-image-1\" data-image-width=\"948\" data-image-height=\"900\" data-bg=\"url(&quot;https:\/\/www.balvinihealth.com\/de\/wp-content\/uploads\/sites\/20\/2022\/08\/Gz_ierik_cataract.jpg&quot;)\">\n                    <div class=\"u-container-layout u-valign-bottom u-container-layout-1\">\n                      <h4 class=\"u-custom-font u-text u-text-body-alt-color u-text-4\" data-lang-tr=\"<a class=&quot;u-active-none u-border-none u-btn u-button-link u-button-style u-hover-none u-none u-text-active-white u-text-hover-white u-block-a00e-34&quot; href=&quot;https:\/\/www.balvinihealth.com\/de\/katarakt\/&quot; style=&quot;background-image: none; font-size: 1.5rem; padding-top: 0; padding-bottom: 0; padding-left: 0; padding-right: 0&quot;>Cataract<\/a>\">Katarakt&nbsp;&nbsp;<\/h4>\n                    <\/div>\n                  <\/div>\n                  <div class=\"u-container-style u-hover-feature u-image u-layout-cell u-shading u-size-15 u-size-30-md lazyload u-image-2\" data-image-width=\"2401\" data-image-height=\"1600\" data-bg=\"url('https:\/\/www.balvinihealth.com\/de\/wp-content\/uploads\/sites\/20\/2022\/08\/homepage_slayd_01-3.jpg')\">\n                    <div class=\"u-container-layout u-valign-bottom u-container-layout-2\">\n                      <h4 class=\"u-custom-font u-text u-text-5\" data-lang-tr=\"<a class=&quot;u-active-none u-border-none u-btn u-button-link u-button-style u-custom-font u-hover-none u-none u-text-active-white u-text-hover-white u-text-white u-block-a00e-35&quot; href=&quot;#&quot; style=&quot;background-image: none; font-family: ProximaNovaRegular; padding-top: 0; padding-bottom: 0; padding-left: 0; padding-right: 0&quot;>\u200bSmart Lens Implantation<\/a>\"> Smart-Linsenimplantation <\/h4>\n                    <\/div>\n                  <\/div>\n                  <div class=\"u-container-style u-hover-feature u-image u-layout-cell u-size-15 u-size-30-md lazyload u-image-3\" data-image-width=\"2401\" data-image-height=\"1600\" data-bg=\"url(&quot;https:\/\/www.balvinihealth.com\/de\/wp-content\/uploads\/sites\/20\/2022\/08\/homepage_slayd_02-3.jpg&quot;)\">\n                    <div class=\"u-container-layout u-valign-bottom u-container-layout-3\">\n                      <h4 class=\"u-custom-font u-hover-feature u-text u-text-body-alt-color u-text-6\" data-lang-tr=\"<a class=&quot;u-active-none u-border-active-palette-2-dark-1 u-border-hover-palette-2-base u-border-none u-btn u-button-link u-button-style u-custom-font u-hover-none u-none u-text-active-white u-text-hover-white u-text-white u-block-a00e-33&quot; href=&quot;https:\/\/www.balvinihealth.com\/de\/excimer_lazer-1\/&quot; style=&quot;font-family: ProximaNovaRegular; font-size: 1.5rem; padding-top: 0; padding-bottom: 0; padding-left: 0; padding-right: 0&quot;>\u200bExcimer Laser\u200b<\/a>\"> Excimer Laser <\/h4>\n                    <\/div>\n                  <\/div>\n                  <div class=\"u-container-style u-hover-feature u-image u-layout-cell u-size-15 u-size-30-md lazyload u-image-4\" data-image-width=\"1350\" data-image-height=\"900\" data-bg=\"url(&quot;https:\/\/www.balvinihealth.com\/de\/wp-content\/uploads\/sites\/20\/2022\/08\/Gz_ierik_retina_tedavisi.jpg&quot;)\">\n                    <div class=\"u-container-layout u-valign-bottom u-container-layout-4\">\n                      <h4 class=\"u-custom-font u-text u-text-body-alt-color u-text-7\" data-lang-tr=\"<a class=&quot;u-active-none u-border-none u-btn u-button-link u-button-style u-hover-none u-none u-text-active-white u-text-hover-white u-text-white u-block-a00e-39&quot; href=&quot;#&quot; style=&quot;background-image: none; margin-right: auto; margin-left: auto; display: block; padding-top: 0; padding-bottom: 0; padding-left: 0; padding-right: 0&quot;>\u200bRetinal Diseases<\/a>\"> Netzhauterkrankungen <\/h4>\n                    <\/div>\n                  <\/div>\n                <\/div>\n              <\/div>\n              <div class=\"u-size-30\">\n                <div class=\"u-layout-row\">\n                  <div class=\"u-container-style u-hover-feature u-image u-layout-cell u-size-15 u-size-30-md lazyload u-image-5\" data-image-width=\"1350\" data-image-height=\"900\" data-bg=\"url(&quot;https:\/\/www.balvinihealth.com\/de\/wp-content\/uploads\/sites\/20\/2022\/08\/Gz_ierik_gloucoma.jpg&quot;)\">\n                    <div class=\"u-container-layout u-valign-bottom u-container-layout-5\">\n                      <h4 class=\"u-custom-font u-text u-text-body-alt-color u-text-8\" data-lang-tr=\"<a class=&quot;u-active-none u-border-none u-btn u-button-link u-button-style u-hover-none u-none u-text-active-white u-text-hover-white u-text-white u-block-a00e-38&quot; href=&quot;#&quot; style=&quot;background-image: none; padding-top: 0; padding-bottom: 0; padding-left: 0; padding-right: 0&quot;>\u200bGlaucoma<\/a>\"> Glaukom<\/h4>\n                    <\/div>\n                  <\/div>\n                  <div class=\"u-container-style u-hover-feature u-image u-layout-cell u-shading u-size-15 u-size-30-md lazyload u-image-6\" data-image-width=\"1000\" data-image-height=\"667\" data-bg=\"url('https:\/\/www.balvinihealth.com\/de\/wp-content\/uploads\/sites\/20\/2022\/08\/goz_kapagi_estetigi.png')\">\n                    <div class=\"u-container-layout u-valign-bottom u-container-layout-6\">\n                      <h4 class=\"u-custom-font u-text u-text-9\" data-lang-tr=\"<a class=&quot;u-active-none u-border-none u-btn u-button-link u-button-style u-hover-none u-none u-text-active-white u-text-hover-white u-text-white u-block-a00e-36&quot; href=&quot;#&quot; style=&quot;background-image: none; padding-top: 0; padding-bottom: 0; padding-left: 0; padding-right: 0&quot;>\u200b\u200bEyelid Aesthetic\u200b<\/a>\"> Augenlidstraffung<\/h4>\n                    <\/div>\n                  <\/div>\n                  <div class=\"u-container-style u-hover-feature u-image u-layout-cell u-size-15 u-size-30-md lazyload u-image-7\" data-image-width=\"1350\" data-image-height=\"900\" data-bg=\"url(&quot;https:\/\/www.balvinihealth.com\/de\/wp-content\/uploads\/sites\/20\/2022\/08\/Gz_ierik_retina.jpg&quot;)\">\n                    <div class=\"u-container-layout u-container-layout-7\">\n                      <h4 class=\"u-custom-font u-text u-text-body-alt-color u-text-10\" data-lang-tr=\"<a class=&quot;u-active-none u-border-none u-btn u-button-link u-button-style u-hover-none u-none u-text-active-white u-text-hover-white u-text-white u-block-a00e-40&quot; href=&quot;#&quot; style=&quot;background-image: none; padding-top: 0; padding-bottom: 0; padding-left: 0; padding-right: 0&quot;>\u200bCorneal Transplant<\/a>\"> Hornhauttransplantation <\/h4>\n                    <\/div>\n                  <\/div>\n                  <div class=\"u-container-style u-hover-feature u-image u-layout-cell u-shading u-size-15 u-size-30-md lazyload u-image-8\" data-image-width=\"1350\" data-image-height=\"900\" data-bg=\"url('https:\/\/www.balvinihealth.com\/de\/wp-content\/uploads\/sites\/20\/2022\/08\/Gz_ierik_strabismus.jpg')\">\n                    <div class=\"u-container-layout u-valign-bottom u-container-layout-8\">\n                      <h4 class=\"u-custom-font u-text u-text-11\" data-lang-tr=\"<a class=&quot;u-active-none u-border-none u-btn u-button-link u-button-style u-hover-none u-none u-text-active-white u-text-hover-white u-text-white u-block-a00e-37&quot; href=&quot;#&quot; style=&quot;background-image: none; padding-top: 0; padding-bottom: 0; padding-left: 0; padding-right: 0&quot;>\u200bStrabismus<\/a>\"> Strabismus<\/h4>\n                    <\/div>\n                  <\/div>\n                <\/div>\n              <\/div>\n            <\/div>\n          <\/div>\n        <\/div>\n      <\/div>\n      \n      \n      \n      \n      \n      \n      \n      \n      \n    <\/section>\n    <section class=\"u-align-left u-clearfix u-white u-section-3\" id=\"sec-e984\">\n      <div class=\"u-clearfix u-sheet u-valign-middle-xs u-sheet-1\">\n        <p class=\"u-text u-text-1\" data-lang-tr=\"\u200bAs soon as your appointment is set up, a member of our coordination team will be assigned to youand will be in constant communication to ensure a seamless experience in Turkey, from the beginningof your trip to the end of your treatment for your return home.\"> Balvini Health unterst\u00fctzt Sie gerne bei der Diagnose\nund Behandlung von Augenbeschwerden aller Art durch seine Vertragsinstitutionen\nim Augenheilkunde.&nbsp;&nbsp;<\/p>\n      <\/div>\n    <\/section>\n    <section class=\"u-align-left u-clearfix u-grey-10 u-section-4\" id=\"sec-349d\">\n      <div class=\"u-clearfix u-sheet u-valign-middle u-sheet-1\">\n        <h3 class=\"u-custom-font u-text u-text-1\" data-lang-tr=\"\u200bEye Diseases\u200b\">Augenkrankheiten&nbsp;&nbsp;<\/h3>\n        <p class=\"u-text u-text-2\" data-lang-tr=\"\u200bEye diseases are the most significant health problem impacting life quality. Eye diseases can typically be treated before irreversible vision loss occurs if they are detected early.&amp;nbsp;For this reason, it is very important to have regular eye examinations in order to detect and prevent serious problems that may occur later. Even those who have no complaints should undergo an eye examination at least once a year and take precautionary measures against risks.If you have doubts about your eye health or if you have complaints about your eye, you should immediately be examined in the Eye Health and Diseases department and get treatment if necessary.Balvini Health is happy to assist you in diagnosing and treating all different kinds of vision problems with the assistance of eye specialist physicians\"> Das wichtigste Gesundheitsproblem, das die Lebensqualitaet\nbeeintraechtigt, sind Augenerkrankungen. Wenn Augenkrankheiten fr\u00fchzeitig\ndiagnoszitiert werden, k\u00f6nnen sie auch im Allgemeinen behandelt werden, bevor\ndauerhafte Schaeden auftreten, die zu einem Verlust des Sehverm\u00f6gens f\u00fchren.<br>\n          <br>&nbsp;Aus diesem Grund sind regelmaessige\nAugenuntersuchungen sehr wichtig, um spaeter auftretende, schwerwiegende\nProbleme zu erkennen und zu verhindern. Auch wer keine Beschwerden hat, sollte\nsich vorbeugen und mindestens einmal im Jahr eine Augenuntersuchung durchf\u00fchren\nlassen.&nbsp; &nbsp;&nbsp;<br>\n          <br>Wenn Sie Zweifel an \u0130hrer Augengesundheit\nhaben oder unter Augenbeschwerden leiden, sollten Sie sich umgehend von der\nAbteilung f\u00fcr Augengesundheit- und Krankheiten untersuchen und ggf. behandeln\nlassen.&nbsp;&nbsp;<br>\n        <\/p>\n      <\/div>\n    <\/section>\n    <section class=\"u-align-left u-clearfix u-white u-section-5\" id=\"carousel_40a2\">\n      <div class=\"u-clearfix u-sheet u-valign-middle u-sheet-1\">\n        <h6 class=\"u-align-left u-custom-font u-text u-text-1\" data-lang-tr=\"\u200bOur health consultants seek out treatment options that meet \u200byour requirements. Filling out the appointment form will grant you access to our free consulting service.\">Unsere Gesundheitsberater arbeiten daran,\nBehandlungsalternativen zu finden, die \u0130hren Bed\u00fcrfnissen entsprechen. Sie\nk\u00f6nnen von unserem kostenlosen Beratungsservice profitieren, indem Sie das\nTerminformula ausf\u00fcllen.&nbsp;&nbsp;<\/h6>\n      <\/div>\n    <\/section>\n    <section class=\"u-align-left u-clearfix u-grey-10 u-section-6\" id=\"sec-f16e\">\n      <div class=\"u-clearfix u-sheet u-sheet-1\">\n        <h5 class=\"u-text u-text-black u-text-1\" data-lang-tr=\"\u200bWE HAVE YOUR BEST INTERESTS IN MIND<br>\"> W\u0130R\nARBE\u0130TEN F\u00dcR S\u0130E <br>\n        <\/h5>\n        <p class=\"u-text u-text-2\" data-lang-tr=\"\u200bAs soon as your appointment is set up, a member of our coordination team will be assigned to youand will be in constant communication to ensure a seamless experience in Turkey, from the beginningof your trip to the end of your treatment for your return home.\"> Sobald \u0130hr Termin vereinbart ist, wird unser\nspezielles Koordinationsteam durchgehend mit \u0130hnen in Kontakt bleiben, um\nsicherzustellen, dass \u0130hre Erfahrung in der T\u00fcrkei vom Beginn \u0130hrer Reise bis\nzum Ende \u0130hrer Behandlung und \u0130hrer R\u00fcckkehr reibungslos verlaeuft.&nbsp;<br>\n          <br>Balvini Health; welches vom\nGesundheitsministerium autorisiert ist, organisiert den geplanten Behandlungsrozess,\ndie Sie ben\u00f6tigen, in einer der vertraglichen Gesundheitseinrichtungen. Dar\u00fcber\nhinaus plant Balvini Health die erforderlichen Vorkehrungen f\u00fcr die Angeh\u00f6rigen\ndes Patienten ihrer Reise.&nbsp;<br>\n          <br>Nach der Behandlung k\u00fcmmert sich das Team von\nBalvini Health weiterhin um unsere Patienten und leistet die notwendige\nUnterst\u00fctzung.&nbsp;&nbsp;<br>\n        <\/p>\n        <a href=\"https:\/\/www.balvinihealth.com\/de\/appointment\/\" class=\"u-align-center-xs u-btn u-btn-round u-button-style u-custom-font u-radius-50 u-text-active-custom-color-7 u-text-hover-custom-color-7 u-text-white u-btn-1\" data-lang-tr=\"{&quot;content&quot;:&quot;book your free consultation&quot;,&quot;href&quot;:&quot;https:\/\/www.balvinihealth.com\/de\/randevu\/&quot;}\"> ERHALTEN S\u0130E KOSTENLOSE BERATUNG&nbsp;&nbsp;<\/a>\n      <\/div>\n    <\/section>\n    \n    \n  \n","protected":false},"excerpt":{"rendered":"<p>ALLE BEHANDLUNGEN&nbsp;&nbsp; Augenbehandlungen; Balvini Health is happy to assist you in the diagnosis and trea Balvini Health unterst\u00fctzt Sie gerne mit Hilfe seiner Vertragsinstitutionen bei der Diagnose und Behandlung von Sehproblemen aller Art. tment of all kinds of vision problems with its contracted institutions. Katarakt&nbsp;&nbsp; Smart-Linsenimplantation Excimer Laser Netzhauterkrankungen Glaukom Augenlidstraffung Hornhauttransplantation Strabismus Balvini Health &hellip; <a href=\"https:\/\/www.balvinihealth.com\/de\/vision-treatments\/\" class=\"more-link\">Continue reading<span class=\"screen-reader-text\"> &#8220;\u200bVISION TREATMENT&#8221;<\/span><\/a><\/p>\n","protected":false},"author":1,"featured_media":0,"parent":0,"menu_order":0,"comment_status":"closed","ping_status":"closed","template":"","meta":{"_joinchat":[],"footnotes":""},"class_list":["post-4721","page","type-page","status-publish","hentry"],"_links":{"self":[{"href":"https:\/\/www.balvinihealth.com\/de\/wp-json\/wp\/v2\/pages\/4721"}],"collection":[{"href":"https:\/\/www.balvinihealth.com\/de\/wp-json\/wp\/v2\/pages"}],"about":[{"href":"https:\/\/www.balvinihealth.com\/de\/wp-json\/wp\/v2\/types\/page"}],"author":[{"embeddable":true,"href":"https:\/\/www.balvinihealth.com\/de\/wp-json\/wp\/v2\/users\/1"}],"replies":[{"embeddable":true,"href":"https:\/\/www.balvinihealth.com\/de\/wp-json\/wp\/v2\/comments?post=4721"}],"version-history":[{"count":33,"href":"https:\/\/www.balvinihealth.com\/de\/wp-json\/wp\/v2\/pages\/4721\/revisions"}],"predecessor-version":[{"id":5341,"href":"https:\/\/www.balvinihealth.com\/de\/wp-json\/wp\/v2\/pages\/4721\/revisions\/5341"}],"wp:attachment":[{"href":"https:\/\/www.balvinihealth.com\/de\/wp-json\/wp\/v2\/media?parent=4721"}],"curies":[{"name":"wp","href":"https:\/\/api.w.org\/{rel}","templated":true}]}}