{"id":4749,"date":"2022-08-14T22:38:33","date_gmt":"2022-08-14T22:38:33","guid":{"rendered":"https:\/\/www.balvinihealth.com\/de\/?page_id=4749"},"modified":"2024-03-11T18:06:24","modified_gmt":"2024-03-11T18:06:24","slug":"dental-treatments","status":"publish","type":"page","link":"https:\/\/www.balvinihealth.com\/de\/dental-treatments\/","title":{"rendered":"DENTAL TREATMENTS"},"content":{"rendered":"\n    \n    <section class=\"u-align-left u-clearfix u-grey-10 u-section-2\" id=\"sec-193d\">\n      <div class=\"u-clearfix u-sheet u-sheet-1\">\n        <h4 class=\"u-text u-text-1\" data-lang-tr=\"<a href=&quot;https:\/\/www.investopedia.com\/real-estate-investing-4689779&quot; class=&quot;breadcrumbs__link&quot;>\u200b<\/a>ALL TREATMENTS\">\n          <a href=\"https:\/\/www.investopedia.com\/real-estate-investing-4689779\" class=\"breadcrumbs__link\"><\/a>ALLE BEHANDLUNGEN\n        <\/h4>\n        <h2 class=\"u-text u-text-2\" data-lang-tr=\"\u200bOur Dental Treatment Services\"> ZAHNBEHANDLUNGEN <\/h2>\n        <div class=\"u-clearfix u-expanded-width u-gutter-10 u-layout-wrap u-layout-wrap-1\">\n          <div class=\"u-gutter-0 u-layout\">\n            <div class=\"u-layout-row\">\n              <div class=\"u-container-style u-hover-feature u-image u-layout-cell u-shading u-size-15 u-size-30-md lazyload u-image-1\" data-image-width=\"1000\" data-image-height=\"1000\" data-bg=\"url('https:\/\/www.balvinihealth.com\/de\/wp-content\/uploads\/sites\/20\/2022\/08\/dis_temizligi_tedaviler.png')\">\n                <div class=\"u-container-layout u-container-layout-1\">\n                  <a class=\"u-active-none u-border-none u-btn u-button-link u-button-style u-hover-none u-none u-text-active-custom-color-7 u-text-hover-custom-color-7 u-text-white u-btn-1\" href=\"\" data-lang-tr=\"{&quot;content&quot;:&quot;\u200bSmart Lens Implantation&quot;,&quot;href&quot;:&quot;#&quot;}\"> \u0130mplantatbehandlung&nbsp;&nbsp;<\/a>\n                <\/div>\n              <\/div>\n              <div class=\"u-container-style u-hover-feature u-image u-layout-cell u-shading u-size-15 u-size-30-md lazyload u-image-2\" data-image-width=\"550\" data-image-height=\"589\" data-bg=\"url('https:\/\/www.balvinihealth.com\/de\/wp-content\/uploads\/sites\/20\/2022\/08\/smale_desing_resim.jpg')\">\n                <div class=\"u-container-layout u-valign-bottom-md u-valign-bottom-sm u-valign-bottom-xs u-container-layout-2\">\n                  <a class=\"u-active-none u-border-none u-btn u-button-link u-button-style u-hover-none u-none u-text-active-custom-color-7 u-text-hover-custom-color-7 u-text-white u-btn-2\" href=\"\" data-lang-tr=\"{&quot;content&quot;:&quot;\u200bSmart Lens Implantation&quot;,&quot;href&quot;:&quot;#&quot;}\"> Smile-Design <\/a>\n                <\/div>\n              <\/div>\n              <div class=\"u-container-style u-hover-feature u-image u-layout-cell u-shading u-size-15 u-size-30-md lazyload u-image-3\" data-image-width=\"1080\" data-image-height=\"705\" data-bg=\"url('https:\/\/www.balvinihealth.com\/de\/wp-content\/uploads\/sites\/20\/2022\/08\/gls_tasarmi_2.png')\">\n                <div class=\"u-container-layout u-container-layout-3\">\n                  <a class=\"u-active-none u-align-left u-border-none u-btn u-button-link u-button-style u-hover-none u-none u-text-active-custom-color-7 u-text-hover-custom-color-7 u-text-white u-btn-3\" href=\"\" data-lang-tr=\"{&quot;content&quot;:&quot;\u200bSmart Lens Implantation&quot;,&quot;href&quot;:&quot;#&quot;}\"> Zahnbleaching&nbsp;&nbsp;<\/a>\n                <\/div>\n              <\/div>\n              <div class=\"u-container-style u-hover-feature u-image u-layout-cell u-shading u-size-15 u-size-30-md lazyload u-image-4\" data-image-width=\"553\" data-image-height=\"1000\" data-bg=\"url('https:\/\/www.balvinihealth.com\/de\/wp-content\/uploads\/sites\/20\/2022\/08\/zirkonyum_tedavi.png')\">\n                <div class=\"u-container-layout u-valign-bottom-lg u-valign-bottom-md u-valign-bottom-sm u-valign-bottom-xs u-container-layout-4\">\n                  <a class=\"u-active-none u-align-left u-border-none u-btn u-button-link u-button-style u-hover-none u-none u-text-active-custom-color-7 u-text-hover-custom-color-7 u-text-white u-btn-4\" href=\"\" data-lang-tr=\"{&quot;content&quot;:&quot;\u200bSmart Lens Implantation&quot;,&quot;href&quot;:&quot;#&quot;}\"> Zirkonium-<br>\n                    <span style=\"font-size: 1rem;\">und Porzellanbeschichtung&nbsp;&nbsp;<\/span>\n                  <\/a>\n                <\/div>\n              <\/div>\n            <\/div>\n          <\/div>\n        <\/div>\n      <\/div>\n      \n      \n      \n      \n    <\/section>\n    <section class=\"u-align-left u-clearfix u-white u-section-3\" id=\"sec-96eb\">\n      <div class=\"u-clearfix u-sheet u-sheet-1\">\n        <p class=\"u-text u-text-1\" data-lang-tr=\"\u200bAs soon as your appointment is set up, a member of our coordination team will be assigned to youand will be in constant communication to ensure a seamless experience in Turkey, from the beginningof your trip to the end of your treatment for your return home.\"> Es ist nicht schwer, das  Laecheln \u0130hrer Traeume zu erlangen. Balvini Health bietet \u0130hnen, alle Zahnbehandslungsm\u00f6glichkeiten in Kliniken mit spezialisierten Zahnaerzten und modernster Ausr\u00fcstung zu erreichen.<\/p>\n      <\/div>\n    <\/section>\n    <section class=\"u-align-left u-clearfix u-grey-10 u-section-4\" id=\"sec-3d2e\">\n      <div class=\"u-clearfix u-sheet u-sheet-1\">\n        <h5 class=\"u-align-left-lg u-align-left-md u-align-left-xl u-text u-text-black u-text-1\" data-lang-tr=\"\u200bDental&amp;nbsp;Diseases\"> ZAHNERKRANKUNGEN <\/h5>\n        <p class=\"u-align-left u-text u-text-2\" data-lang-tr=\"\u200bIn the field of dental care in Turkey, we ensure that you receive the highest quality of service. We are constantly striving to provide you with high-quality dental care at a very reasonable price. In terms of dental care in Turkey, we guarantee that you will receive the best service possible. We are always striving to provide you with affordable dental care without sacrificing quality. Contact us to learn more about your individualized treatment plan.\"> Wir stellen sicher, dass Sie eine hochqualitative\nZahnpflege in der T\u00fcrkei zu erhalten. Wir sind stets bestrebt, \u0130hnen eine\nqualitativ hochwertige Zahnbehandlung zu einem guten Preis anzubieten. Wir\ngarantieren \u0130hnen den bestm\u00f6glichen Service, ohne Kompromisse bei der\nQualitaet, im Bereich der Zahnbehandlung zu erhalten.<br>\n          <br>&nbsp; Kontaktieren Sie uns, um mehr \u00fcber \u0130hren\nindividuellen Behandlungsplan zu erfahren.&nbsp;&nbsp;<br>\n        <\/p>\n      <\/div>\n    <\/section>\n    <section class=\"u-align-left u-clearfix u-white u-section-5\" id=\"sec-38e3\">\n      <div class=\"u-clearfix u-sheet u-sheet-1\">\n        <h5 class=\"u-text u-text-black u-text-1\" data-lang-tr=\"\u200bWE HAVE YOUR BEST INTERESTS IN MIND<br>\"> W\u0130R\nARBE\u0130TEN F\u00dcR S\u0130E <br>\n        <\/h5>\n        <p class=\"u-text u-text-2\" data-lang-tr=\"\u200bAs soon as your appointment is set up, a member of our coordination team will be assigned to youand will be in constant communication to ensure a seamless experience in Turkey, from the beginningof your trip to the end of your treatment for your return home.\"> Sobald \u0130hr Termin vereinbart ist, wird unser\nspezielles Koordinationsteam durchgehend mit \u0130hnen in Kontakt bleiben, um\nsicherzustellen, dass \u0130hre Erfahrung in der T\u00fcrkei vom Beginn \u0130hrer Reise bis\nzum Ende \u0130hrer Behandlung und \u0130hrer R\u00fcckkehr reibungslos verlaeuft. <br>\n          <br> Balvini Health; welches vom\nGesundheitsministerium autorisiert ist, organisiert den geplanten\nBehandlungsrozess, die Sie ben\u00f6tigen, in einer der vertraglichen\nGesundheitseinrichtungen. Dar\u00fcber hinaus plant Balvini Health die\nerforderlichen Vorkehrungen f\u00fcr die Angeh\u00f6rigen des Patienten ihrer Reise.&nbsp;<br>\n          <br>Nach der Behandlung k\u00fcmmert sich das Team von\nBalvini Health weiterhin um unsere Patienten und leistet die notwendige\nUnterst\u00fctzung.&nbsp;&nbsp;<br>\n          <br>\n        <\/p>\n        <a href=\"https:\/\/www.balvinihealth.com\/de\/appointment\/\" class=\"u-btn u-btn-round u-button-style u-custom-font u-radius-50 u-text-active-custom-color-7 u-text-hover-custom-color-7 u-text-white u-btn-1\" data-lang-tr=\"{&quot;content&quot;:&quot;book your free consultation&quot;,&quot;href&quot;:&quot;https:\/\/www.balvinihealth.com\/de\/randevu\/&quot;}\"> ERHALTEN\nS\u0130E KOSTENLOSE BERATUNG <\/a>\n      <\/div>\n    <\/section>\n    \n    \n  \n","protected":false},"excerpt":{"rendered":"<p>ALLE BEHANDLUNGEN ZAHNBEHANDLUNGEN \u0130mplantatbehandlung&nbsp;&nbsp; Smile-Design Zahnbleaching&nbsp;&nbsp; Zirkonium- und Porzellanbeschichtung&nbsp;&nbsp; Es ist nicht schwer, das Laecheln \u0130hrer Traeume zu erlangen. Balvini Health bietet \u0130hnen, alle Zahnbehandslungsm\u00f6glichkeiten in Kliniken mit spezialisierten Zahnaerzten und modernster Ausr\u00fcstung zu erreichen. ZAHNERKRANKUNGEN Wir stellen sicher, dass Sie eine hochqualitative Zahnpflege in der T\u00fcrkei zu erhalten. Wir sind stets bestrebt, \u0130hnen eine &hellip; <a href=\"https:\/\/www.balvinihealth.com\/de\/dental-treatments\/\" class=\"more-link\">Continue reading<span class=\"screen-reader-text\"> &#8220;DENTAL TREATMENTS&#8221;<\/span><\/a><\/p>\n","protected":false},"author":1,"featured_media":0,"parent":0,"menu_order":0,"comment_status":"closed","ping_status":"closed","template":"","meta":{"_joinchat":[],"footnotes":""},"class_list":["post-4749","page","type-page","status-publish","hentry"],"_links":{"self":[{"href":"https:\/\/www.balvinihealth.com\/de\/wp-json\/wp\/v2\/pages\/4749"}],"collection":[{"href":"https:\/\/www.balvinihealth.com\/de\/wp-json\/wp\/v2\/pages"}],"about":[{"href":"https:\/\/www.balvinihealth.com\/de\/wp-json\/wp\/v2\/types\/page"}],"author":[{"embeddable":true,"href":"https:\/\/www.balvinihealth.com\/de\/wp-json\/wp\/v2\/users\/1"}],"replies":[{"embeddable":true,"href":"https:\/\/www.balvinihealth.com\/de\/wp-json\/wp\/v2\/comments?post=4749"}],"version-history":[{"count":23,"href":"https:\/\/www.balvinihealth.com\/de\/wp-json\/wp\/v2\/pages\/4749\/revisions"}],"predecessor-version":[{"id":5342,"href":"https:\/\/www.balvinihealth.com\/de\/wp-json\/wp\/v2\/pages\/4749\/revisions\/5342"}],"wp:attachment":[{"href":"https:\/\/www.balvinihealth.com\/de\/wp-json\/wp\/v2\/media?parent=4749"}],"curies":[{"name":"wp","href":"https:\/\/api.w.org\/{rel}","templated":true}]}}