{"id":5217,"date":"2023-02-21T14:08:23","date_gmt":"2023-02-21T14:08:23","guid":{"rendered":"https:\/\/www.balvinihealth.com\/de\/?page_id=5217"},"modified":"2024-03-09T13:32:01","modified_gmt":"2024-03-09T13:32:01","slug":"clinicks","status":"publish","type":"page","link":"https:\/\/www.balvinihealth.com\/de\/clinicks\/","title":{"rendered":"MEDICANA"},"content":{"rendered":"\n    \n    <section class=\"u-clearfix u-section-2\" id=\"carousel_203b\">\n      <div class=\"u-clearfix u-sheet u-sheet-1\">\n        <div class=\"u-clearfix u-expanded-width-lg u-expanded-width-xl u-gutter-0 u-layout-wrap u-layout-wrap-1\">\n          <div class=\"u-gutter-0 u-layout\">\n            <div class=\"u-layout-row\">\n              <div class=\"u-container-style u-layout-cell u-right-cell u-shape-rectangle u-size-22 u-layout-cell-1\">\n                <div class=\"u-container-layout u-container-layout-1\">\n                  <div class=\"u-container-style u-expanded-width u-group u-palette-1-base u-shape-rectangle u-group-1\">\n                    <div class=\"u-container-layout u-valign-middle u-container-layout-2\">\n                      <img class=\"u-image u-image-contain u-image-default u-preserve-proportions lazyload u-image-1\" alt=\"\" data-image-width=\"236\" data-image-height=\"32\" data-src=\"https:\/\/www.balvinihealth.com\/de\/wp-content\/uploads\/sites\/20\/2023\/02\/medicana_logo.svg\">\n                    <\/div>\n                  <\/div>\n                  <img class=\"u-expanded-width u-image u-image-default u-preserve-proportions lazyload u-image-2\" alt=\"\" data-image-width=\"260\" data-image-height=\"260\" data-src=\"https:\/\/www.balvinihealth.com\/de\/wp-content\/uploads\/sites\/20\/2023\/02\/medicana_international.jpg\">\n                <\/div>\n              <\/div>\n              <div class=\"u-align-left u-container-style u-layout-cell u-left-cell u-size-38 u-layout-cell-2\">\n                <div class=\"u-container-layout u-valign-top u-container-layout-3\">\n                  <h1 class=\"u-text u-text-default u-text-1\"> Medicana \u0130nternational \u0130stanbul <\/h1>\n                  <div class=\"u-border-3 u-border-palette-4-base u-line u-line-horizontal u-line-1\"><\/div>\n                  <p class=\"u-text u-text-default u-text-2\"> Das Medicana \u0130nternational \u0130stanbul verf\u00fcgt\n\u00fcber eine geschlossene Flaeche von 30.000m2. Es besteht aus zwei miteinander\nverbundenen Abteilungen, sowie Patienten- und Poliklinikstation. Das\nKrankenhaus wurde in der Lage und technischen Eigenschaften gebaut, um\nzuk\u00fcnftige Patienten aus \u0130stanbul und Europa zu empfangen.&nbsp; &nbsp;&nbsp;<br>\n                    <br>Die interne und chirurgische\n\u0130ntensivstation, die kardiovaskulaere chirurgische \u0130ntensivstation, die\nkoronare \u0130ntensivstation und die Neugeborene \u0130ntensivstation wurden mit den\nneuesten Ausr\u00fcstung der Technologie und der Krankenhausarchitektur entworfen.\nC\u0130P-, V\u0130P-, Standardpatientenzimmer und \u0130ntensivpatientenzimmer sind mit allen\nSystemen ausgestattet, in denen medizinische Verfahren und Behandlungen\ndurchgef\u00fchrt werden, wobei der Patientenkomfort im Vordergrund gehalten wird.&nbsp; &nbsp;&nbsp;<br>\n                    <br>Das Medicana \u0130nternational \u0130stanbul Hospital\nist ein f\u00fchrendes Krankenhaus in Bezug auf Standort, Fakultaetsmitglieder, spezialisierte\nFachaerzte,&nbsp;<br>(allgemeine \u0130ntensivpflege, KVC, Neugeborene), technologische \u0130nfrastruktur\nund Geraeteausr\u00fcstung, spezifische Branchen, und Kliniken. Durch die\nvorteilhafte Lokation steht das Krankenhaus auch in Hoteldienstleistungen im\nVordergrund.&nbsp;&nbsp;\n                  <\/p>\n                <\/div>\n              <\/div>\n            <\/div>\n          <\/div>\n        <\/div>\n      <\/div>\n    <\/section>\n    <section class=\"u-clearfix u-section-3\" id=\"carousel_9202\">\n      <div class=\"u-clearfix u-sheet u-sheet-1\">\n        <div class=\"u-align-center-md u-align-center-sm u-align-center-xs u-expanded-width-lg u-expanded-width-xl u-gallery u-layout-grid u-lightbox u-no-transition u-show-text-none u-gallery-1\">\n          <div class=\"u-gallery-inner u-gallery-inner-1\">\n            <div class=\"u-effect-hover-zoom u-gallery-item\">\n              <div class=\"u-back-slide\" data-image-width=\"1000\" data-image-height=\"664\">\n                <img class=\"u-back-image u-expanded lazyload\" data-src=\"https:\/\/www.balvinihealth.com\/de\/wp-content\/uploads\/sites\/20\/2023\/02\/Medicana_kadiky.jpg\">\n              <\/div>\n              <div class=\"u-container-align-center-md u-container-align-center-sm u-container-align-center-xs u-over-slide u-shading u-over-slide-1\">\n                <h3 class=\"u-align-center-md u-align-center-sm u-align-center-xs u-gallery-heading\" style=\"width: 680px; margin-right: auto; margin-left: auto;\"><\/h3>\n                <p class=\"u-align-center-md u-align-center-sm u-align-center-xs u-gallery-text\" style=\"width: 680px; margin-right: auto; margin-left: auto;\"><\/p>\n              <\/div>\n            <\/div>\n            <div class=\"u-effect-hover-zoom u-gallery-item\">\n              <div class=\"u-back-slide\" data-image-width=\"260\" data-image-height=\"260\">\n                <img class=\"u-back-image u-expanded lazyload\" data-src=\"https:\/\/www.balvinihealth.com\/de\/wp-content\/uploads\/sites\/20\/2023\/02\/medicana_slayt_05.jpg\">\n              <\/div>\n              <div class=\"u-container-align-center-md u-container-align-center-sm u-container-align-center-xs u-over-slide u-shading u-over-slide-2\">\n                <h3 class=\"u-align-center-md u-align-center-sm u-align-center-xs u-gallery-heading\" style=\"width: 680px; margin-right: auto; margin-left: auto;\"><\/h3>\n                <p class=\"u-align-center-md u-align-center-sm u-align-center-xs u-gallery-text\" style=\"width: 680px; margin-right: auto; margin-left: auto;\"><\/p>\n              <\/div>\n            <\/div>\n            <div class=\"u-effect-hover-zoom u-gallery-item\">\n              <div class=\"u-back-slide\" data-image-width=\"260\" data-image-height=\"260\">\n                <img class=\"u-back-image u-expanded lazyload\" data-src=\"https:\/\/www.balvinihealth.com\/de\/wp-content\/uploads\/sites\/20\/2023\/02\/medicana_slayt_02.jpg\">\n              <\/div>\n              <div class=\"u-container-align-center-md u-container-align-center-sm u-container-align-center-xs u-over-slide u-shading u-over-slide-3\">\n                <h3 class=\"u-align-center-md u-align-center-sm u-align-center-xs u-gallery-heading\" style=\"width: 680px; margin-right: auto; margin-left: auto;\"><\/h3>\n                <p class=\"u-align-center-md u-align-center-sm u-align-center-xs u-gallery-text\" style=\"width: 680px; margin-right: auto; margin-left: auto;\"><\/p>\n              <\/div>\n            <\/div>\n            <div class=\"u-effect-hover-zoom u-gallery-item\">\n              <div class=\"u-back-slide\" data-image-width=\"260\" data-image-height=\"260\">\n                <img class=\"u-back-image u-expanded lazyload\" data-src=\"https:\/\/www.balvinihealth.com\/de\/wp-content\/uploads\/sites\/20\/2023\/02\/medicana_slayt_03.jpg\">\n              <\/div>\n              <div class=\"u-container-align-center-md u-container-align-center-sm u-container-align-center-xs u-over-slide u-shading u-over-slide-4\">\n                <h3 class=\"u-align-center-md u-align-center-sm u-align-center-xs u-gallery-heading\" style=\"width: 680px; margin-right: auto; margin-left: auto;\"><\/h3>\n                <p class=\"u-align-center-md u-align-center-sm u-align-center-xs u-gallery-text\" style=\"width: 680px; margin-right: auto; margin-left: auto;\"><\/p>\n              <\/div>\n            <\/div>\n            <div class=\"u-effect-hover-zoom u-gallery-item\">\n              <div class=\"u-back-slide\" data-image-width=\"260\" data-image-height=\"260\">\n                <img class=\"u-back-image u-expanded lazyload\" data-src=\"https:\/\/www.balvinihealth.com\/de\/wp-content\/uploads\/sites\/20\/2023\/02\/medicana_slayt_04.jpg\">\n              <\/div>\n              <div class=\"u-container-align-center-md u-container-align-center-sm u-container-align-center-xs u-over-slide u-shading u-over-slide-5\">\n                <h3 class=\"u-align-center-md u-align-center-sm u-align-center-xs u-gallery-heading\" style=\"width: 680px; margin-right: auto; margin-left: auto;\"><\/h3>\n                <p class=\"u-align-center-md u-align-center-sm u-align-center-xs u-gallery-text\" style=\"width: 680px; margin-right: auto; margin-left: auto;\"><\/p>\n              <\/div>\n            <\/div>\n            <div class=\"u-effect-hover-zoom u-gallery-item\">\n              <div class=\"u-back-slide\" data-image-width=\"260\" data-image-height=\"260\">\n                <img class=\"u-back-image u-expanded lazyload\" data-src=\"https:\/\/www.balvinihealth.com\/de\/wp-content\/uploads\/sites\/20\/2023\/02\/medicana_slayt_01.jpg\">\n              <\/div>\n              <div class=\"u-container-align-center-md u-container-align-center-sm u-container-align-center-xs u-over-slide u-shading u-over-slide-6\">\n                <h3 class=\"u-align-center-md u-align-center-sm u-align-center-xs u-gallery-heading\" style=\"width: 680px; margin-right: auto; margin-left: auto;\"><\/h3>\n                <p class=\"u-align-center-md u-align-center-sm u-align-center-xs u-gallery-text\" style=\"width: 680px; margin-right: auto; margin-left: auto;\"><\/p>\n              <\/div>\n            <\/div>\n            <div class=\"u-effect-hover-zoom u-gallery-item\">\n              <div class=\"u-back-slide\" data-image-width=\"260\" data-image-height=\"260\">\n                <img class=\"u-back-image u-expanded lazyload\" data-src=\"https:\/\/www.balvinihealth.com\/de\/wp-content\/uploads\/sites\/20\/2023\/02\/medicana_slayt_08.jpg\">\n              <\/div>\n              <div class=\"u-container-align-center-md u-container-align-center-sm u-container-align-center-xs u-over-slide u-shading u-over-slide-7\">\n                <h3 class=\"u-align-center-md u-align-center-sm u-align-center-xs u-gallery-heading\" style=\"width: 680px; margin-right: auto; margin-left: auto;\"><\/h3>\n                <p class=\"u-align-center-md u-align-center-sm u-align-center-xs u-gallery-text\" style=\"width: 680px; margin-right: auto; margin-left: auto;\"><\/p>\n              <\/div>\n            <\/div>\n            <div class=\"u-effect-hover-zoom u-gallery-item\">\n              <div class=\"u-back-slide\" data-image-width=\"260\" data-image-height=\"260\">\n                <img class=\"u-back-image u-expanded lazyload\" data-src=\"https:\/\/www.balvinihealth.com\/de\/wp-content\/uploads\/sites\/20\/2023\/02\/medicana_slayt_07.jpg\">\n              <\/div>\n              <div class=\"u-container-align-center-md u-container-align-center-sm u-container-align-center-xs u-over-slide u-shading u-over-slide-8\">\n                <h3 class=\"u-align-center-md u-align-center-sm u-align-center-xs u-gallery-heading\" style=\"width: 680px; margin-right: auto; margin-left: auto;\"><\/h3>\n                <p class=\"u-align-center-md u-align-center-sm u-align-center-xs u-gallery-text\" style=\"width: 680px; margin-right: auto; margin-left: auto;\"><\/p>\n              <\/div>\n            <\/div>\n            <div class=\"u-effect-hover-zoom u-gallery-item\">\n              <div class=\"u-back-slide\" data-image-width=\"260\" data-image-height=\"260\">\n                <img class=\"u-back-image u-expanded lazyload\" data-src=\"https:\/\/www.balvinihealth.com\/de\/wp-content\/uploads\/sites\/20\/2023\/02\/medicana_slayt_09.jpg\">\n              <\/div>\n              <div class=\"u-container-align-center-md u-container-align-center-sm u-container-align-center-xs u-over-slide u-shading u-over-slide-9\">\n                <h3 class=\"u-align-center-md u-align-center-sm u-align-center-xs u-gallery-heading\" style=\"width: 680px; margin-right: auto; margin-left: auto;\"><\/h3>\n                <p class=\"u-align-center-md u-align-center-sm u-align-center-xs u-gallery-text\" style=\"width: 680px; margin-right: auto; margin-left: auto;\"><\/p>\n              <\/div>\n            <\/div>\n            <div class=\"u-effect-hover-zoom u-gallery-item\">\n              <div class=\"u-back-slide\" data-image-width=\"260\" data-image-height=\"260\">\n                <img class=\"u-back-image u-expanded lazyload\" data-src=\"https:\/\/www.balvinihealth.com\/de\/wp-content\/uploads\/sites\/20\/2023\/02\/medicana_slayt_11.jpg\">\n              <\/div>\n              <div class=\"u-container-align-center-md u-container-align-center-sm u-container-align-center-xs u-over-slide u-shading u-over-slide-10\">\n                <h3 class=\"u-align-center-md u-align-center-sm u-align-center-xs u-gallery-heading\" style=\"width: 680px; margin-right: auto; margin-left: auto;\"><\/h3>\n                <p class=\"u-align-center-md u-align-center-sm u-align-center-xs u-gallery-text\" style=\"width: 680px; margin-right: auto; margin-left: auto;\"><\/p>\n              <\/div>\n            <\/div>\n            <div class=\"u-effect-hover-zoom u-gallery-item\">\n              <div class=\"u-back-slide\" data-image-width=\"260\" data-image-height=\"260\">\n                <img class=\"u-back-image u-expanded lazyload\" data-src=\"https:\/\/www.balvinihealth.com\/de\/wp-content\/uploads\/sites\/20\/2023\/02\/medicana_slayt_12.jpg\">\n              <\/div>\n              <div class=\"u-container-align-center-md u-container-align-center-sm u-container-align-center-xs u-over-slide u-shading u-over-slide-11\">\n                <h3 class=\"u-align-center-md u-align-center-sm u-align-center-xs u-gallery-heading\" style=\"width: 680px; margin-right: auto; margin-left: auto;\"><\/h3>\n                <p class=\"u-align-center-md u-align-center-sm u-align-center-xs u-gallery-text\" style=\"width: 680px; margin-right: auto; margin-left: auto;\"><\/p>\n              <\/div>\n            <\/div>\n            <div class=\"u-effect-hover-zoom u-gallery-item\">\n              <div class=\"u-back-slide\" data-image-width=\"260\" data-image-height=\"260\">\n                <img class=\"u-back-image u-expanded lazyload\" data-src=\"https:\/\/www.balvinihealth.com\/de\/wp-content\/uploads\/sites\/20\/2023\/02\/medicana_slayt_10.jpg\">\n              <\/div>\n              <div class=\"u-container-align-center-md u-container-align-center-sm u-container-align-center-xs u-over-slide u-shading u-over-slide-12\">\n                <h3 class=\"u-align-center-md u-align-center-sm u-align-center-xs u-gallery-heading\" style=\"width: 680px; margin-right: auto; margin-left: auto;\"><\/h3>\n                <p class=\"u-align-center-md u-align-center-sm u-align-center-xs u-gallery-text\" style=\"width: 680px; margin-right: auto; margin-left: auto;\"><\/p>\n              <\/div>\n            <\/div>\n          <\/div>\n        <\/div>\n      <\/div>\n    <\/section>\n    \n    \n  \n","protected":false},"excerpt":{"rendered":"<p>Medicana \u0130nternational \u0130stanbul Das Medicana \u0130nternational \u0130stanbul verf\u00fcgt \u00fcber eine geschlossene Flaeche von 30.000m2. Es besteht aus zwei miteinander verbundenen Abteilungen, sowie Patienten- und Poliklinikstation. Das Krankenhaus wurde in der Lage und technischen Eigenschaften gebaut, um zuk\u00fcnftige Patienten aus \u0130stanbul und Europa zu empfangen.&nbsp; &nbsp;&nbsp; Die interne und chirurgische \u0130ntensivstation, die kardiovaskulaere chirurgische \u0130ntensivstation, die &hellip; <a href=\"https:\/\/www.balvinihealth.com\/de\/clinicks\/\" class=\"more-link\">Continue reading<span class=\"screen-reader-text\"> &#8220;MEDICANA&#8221;<\/span><\/a><\/p>\n","protected":false},"author":1,"featured_media":0,"parent":0,"menu_order":0,"comment_status":"closed","ping_status":"closed","template":"","meta":{"_joinchat":[],"footnotes":""},"class_list":["post-5217","page","type-page","status-publish","hentry"],"_links":{"self":[{"href":"https:\/\/www.balvinihealth.com\/de\/wp-json\/wp\/v2\/pages\/5217"}],"collection":[{"href":"https:\/\/www.balvinihealth.com\/de\/wp-json\/wp\/v2\/pages"}],"about":[{"href":"https:\/\/www.balvinihealth.com\/de\/wp-json\/wp\/v2\/types\/page"}],"author":[{"embeddable":true,"href":"https:\/\/www.balvinihealth.com\/de\/wp-json\/wp\/v2\/users\/1"}],"replies":[{"embeddable":true,"href":"https:\/\/www.balvinihealth.com\/de\/wp-json\/wp\/v2\/comments?post=5217"}],"version-history":[{"count":5,"href":"https:\/\/www.balvinihealth.com\/de\/wp-json\/wp\/v2\/pages\/5217\/revisions"}],"predecessor-version":[{"id":5331,"href":"https:\/\/www.balvinihealth.com\/de\/wp-json\/wp\/v2\/pages\/5217\/revisions\/5331"}],"wp:attachment":[{"href":"https:\/\/www.balvinihealth.com\/de\/wp-json\/wp\/v2\/media?parent=5217"}],"curies":[{"name":"wp","href":"https:\/\/api.w.org\/{rel}","templated":true}]}}