{"id":3292,"date":"2022-06-21T15:22:18","date_gmt":"2022-06-21T15:22:18","guid":{"rendered":"https:\/\/www.balvinihealth.com\/tr\/?page_id=3292"},"modified":"2022-06-22T23:18:36","modified_gmt":"2022-06-22T23:18:36","slug":"kvkk","status":"publish","type":"page","link":"https:\/\/www.balvinihealth.com\/tr\/kvkk\/","title":{"rendered":"KVKK"},"content":{"rendered":"\n    \n    <section class=\"u-clearfix u-grey-5 u-section-2\" id=\"carousel_a63f\">\n      <div class=\"u-clearfix u-sheet u-sheet-1\">\n        <h2 class=\"u-text u-text-default u-text-palette-2-base u-text-1\">Web Sitemizin Kullan\u0131m Ko\u015fullar\u0131&nbsp;&nbsp;<\/h2>\n        <p class=\"u-text u-text-2\">\n          <span class=\"u-text-black\">\n            <a href=\"https:\/\/www.balvinihealth.com\/tr\/\" class=\"u-active-none u-border-none u-btn u-button-style u-hover-none u-none u-text-palette-1-base u-btn-1\"><i>Balvini\nTurizm Organizasyon ve Ticaret A. \u015e<\/i>\n            <\/a><i><\/i><b>&nbsp;<\/b>taraf\u0131ndan yay\u0131nlanan<b><\/b><b>&nbsp;<\/b>\n            <a href=\"https:\/\/www.balvinihealth.com\/tr\/\" class=\"u-active-none u-border-none u-btn u-button-style u-hover-none u-none u-text-palette-1-base u-btn-2\"><i>www.balvinihealth.com<\/i>\n            <\/a>, <b>&nbsp;<\/b>web sitesini ziyaret eden veya bu sitede\nsunulan hizmetlerden yararlanmay\u0131 talep eden herkes, i\u015fbu \"Kullan\u0131m\nKo\u015fullar\u0131nda\u201d yer alan h\u00fck\u00fcm ve \u015fartlar\u0131n tamam\u0131n\u0131 aynen kabul eder.\n          <\/span>\n          <span class=\"u-text-black\">\n            <br>\n            <br>&nbsp;<a href=\"http:\/\/www.balviniheallth.com\/\" class=\"u-active-none u-border-none u-btn u-button-style u-hover-none u-none u-text-palette-1-base u-btn-3\"><i>www.balviniheallth.com<\/i>\n            <\/a><i><\/i>&nbsp;web sitesine kay\u0131t yapt\u0131rma veya sunulan\nhizmetlerden yararlanmay\u0131 talep etmekle, \"Kullan\u0131m Ko\u015fullar\u0131nda\u201d yer alan\nh\u00fck\u00fcm ve \u015fartlar\u0131 ve bu metnin ayr\u0131lmaz bir par\u00e7as\u0131 olan <a href=\"https:\/\/www.balvinihealth.com\/tr\/\" class=\"u-active-none u-border-none u-btn u-button-style u-hover-none u-none u-text-palette-1-base u-btn-4\"><i>Balvini\nTurizm Organizasyon ve Ticaret A. \u015e<\/i>\n            <\/a><i> &nbsp;\"Gizlilik Politikas\u0131nda\u201d <\/i>yer alan h\u00fck\u00fcmleri ve bu sitedeki di\u011fer\ntalimatlarla ba\u011fl\u0131 olmay\u0131 taahh\u00fct etmektesiniz.&nbsp;<br>\n            <br>&nbsp;<a href=\"https:\/\/www.balvinihealth.com\/tr\/\" class=\"u-active-none u-border-none u-btn u-button-style u-hover-none u-none u-text-palette-1-base u-btn-5\"><i>Balvini Turizm\nOrganizasyon ve Ticaret A. \u015e<\/i>\n            <\/a> &nbsp;\"Kullan\u0131m\nKo\u015fullar\u0131\", \u201cGizlilik Politikas\u0131\" ve bu sitedeki di\u011fer talimatlarda,\ndiledi\u011fi zamanda, diledi\u011fi de\u011fi\u015fiklikleri yapma hakk\u0131n\u0131 sakl\u0131 tutar. S\u00f6z konusu\nde\u011fi\u015fiklikler, i\u015fbu sitede yay\u0131nland\u0131klar\u0131 tarihlerden itibaren ge\u00e7erli ve\nba\u011flay\u0131c\u0131 olacaklard\u0131r. Ger\u00e7ekle\u015fen g\u00fcncellemeleri ve de\u011fi\u015fiklikleri takip\netmek sizin sorumlulu\u011funuzda olup, <a href=\"https:\/\/www.balvinihealth.com\/tr\/\" class=\"u-active-none u-border-none u-btn u-button-style u-hover-none u-none u-text-palette-1-base u-btn-6\"><i>Balvini Turizm Organizasyon ve Ticaret A. \u015e<\/i>\n            <\/a> bu de\u011fi\u015fiklikleri taraf\u0131n\u0131za bildirme\nzorunlulu\u011fu yoktur.&nbsp;<br>\n            <br><i>Balvini Turizm Organizasyon ve Ticaret A.\u015e&nbsp;<\/i> hizmetlerinden yararlanmakla, bu\nde\u011fi\u015fiklikleri kabul etmi\u015f say\u0131l\u0131rs\u0131n\u0131z.\n&nbsp; <a href=\"https:\/\/www.balvinihealth.com\/tr\/\" class=\"u-active-none u-border-none u-btn u-button-style u-hover-none u-none u-text-palette-1-base u-btn-7\"><i>www.balvinihealth.com<\/i>\n            <\/a><i>,<\/i><b><\/b>sitesindeki ba\u011flant\u0131lar sizi sitenin d\u0131\u015f\u0131na\ng\u00f6t\u00fcrebilir ve <i>Balvini Turizm Organizasyon ve Ticaret A.\u015e<\/i>, bu sitelerin\ni\u00e7eri\u011fi, do\u011frulu\u011fu ya da i\u015fleviyle ilgili olarak, hi\u00e7bir sorumluluk \u00fcstlenmez.\nBu ba\u011flant\u0131lar iyi niyet \u00e7er\u00e7evesinde sunulmaktad\u0131r ve <i>Balvini Turizm Organizasyon\nve Ticaret A.\u015e&nbsp;<\/i> ba\u011flant\u0131s\u0131 verilen sitelerde sonras\u0131nda olabilecek herhangi\nbir de\u011fi\u015fiklikten sorumlu de\u011fildir. <i>Balvini Turizm Organizasyon ve Ticaret\nA.\u015e<\/i> veya ba\u011fl\u0131 \u015firketleri ya da bu sitenin olu\u015fturulmas\u0131, \u00fcretilmesi ya da\niletilmesinde yer alan di\u011fer herhangi bir \u00fc\u00e7\u00fcnc\u00fc taraf bu siteye eri\u015fim ya da\nsitenin kullan\u0131m\u0131ndan do\u011fabilecek do\u011frudan, dolayl\u0131 ya da cezai zarar, ziyan,\nhasar veya sorumluluktan \u00f6t\u00fcr\u00fc sorumlu tutulamaz.\n&nbsp;&nbsp;<br>\n            <br>Medeni haklar\u0131 kullanmaya ehil t\u00fcm\nger\u00e7ek ve t\u00fczel ki\u015filer. <a href=\"https:\/\/www.balvinihealth.com\/tr\/\" class=\"u-active-none u-border-none u-btn u-button-style u-hover-none u-none u-text-palette-1-base u-btn-8\"><i>Balvini\nTurizm Organizasyon ve Ticaret A. \u015e<\/i>\n            <\/a>\u2019 nin hizmetlerinden yararlanabilir. 18\nya\u015f alt\u0131 veya re\u015fit olmayan k\u00fc\u00e7\u00fckler, k\u0131s\u0131tl\u0131lar ve temyiz kudretine sahip\nolmayanlar, ancak veli veya kanuni temsilcileri ile i\u015flem yapabilirler.\n&nbsp;\n\u0130\u015fbu sitede yer alan unvan, i\u015fletme ad\u0131,\nmarka, patent, logo, tasar\u0131m, bilgi ve y\u00f6ntem gibi tescilli veya tescilsiz t\u00fcm\nfikri m\u00fclkiyet haklar\u0131 <i>Balvini Turizm Organizasyon ve Ticaret A.\u015e&nbsp;<\/i> veya belirtilen ilgilisine aittir ve\nulusal ve uluslararas\u0131 hukukun korumas\u0131 alt\u0131ndad\u0131r. \u0130\u015fbu sitenin ziyaret\nedilmesi veya bu sitedeki hizmetlerden yararlan\u0131lmas\u0131, s\u00f6z konusu fikri\nm\u00fclkiyet haklar\u0131 konusunda size hi\u00e7bir hak vermez. Bu siteyi ziyaret etmek veya\nkullanmakla, an\u0131lan fikri m\u00fclkiyet haklar\u0131n\u0131 ihlal etmemeyi taahh\u00fct\netmektesiniz.\n&nbsp;&nbsp;<br>\n            <br>T\u00fcm fikir ve \u00f6nerilerilerinizi web\nsitemiz ve e-posta ile bize iletebilirsiniz. Bu \u00f6neriler, <i>Balvini Turizm\nOrganizasyon ve Ticaret A.\u015e<\/i> taraf\u0131nca kullan\u0131labilir, fikir ve \u00f6neriyi payla\u015fan ki\u015fi taraf\u0131ndan hi\u00e7bir\nhak iddia edilemeyece\u011fi kabul edilmi\u015f say\u0131lmaktad\u0131r.\n&nbsp;\nKullan\u0131c\u0131 \u00fcye numaras\u0131 ve \u015fifresi ile\nyap\u0131lan t\u00fcm i\u015flemlerin sorumlulu\u011fu o ki\u015fiye aittir. \u00dcye numaras\u0131 ve \u015fifre\nsaklanmal\u0131, \u00fc\u00e7\u00fcnc\u00fc ki\u015filere verilmemelidir. Gerekti\u011finde, \u00fcye numaras\u0131 ve\n\u015fifrenizin de\u011fi\u015ftirilmesi istenilmelidir.\n&nbsp;\nWeb sitemiz sadece yasal ama\u00e7larla ve\nkanunlara sayg\u0131l\u0131 olarak kullan\u0131labilir. Bu siteyi kullanmakla, yasalara uygun\ndavranaca\u011f\u0131n\u0131z\u0131 taahh\u00fct etmektesiniz. Haks\u0131z menfaat elde etmek i\u00e7in as\u0131ls\u0131z\nbeyanlarda bulunmak, mevcut hasarlar\u0131 gizleyerek daha sonraki bir tarihte olmu\u015f\ngibi g\u00f6stermeye \u00e7al\u0131\u015fmak, sahte isim ve kredi kartlar\u0131 kullanmak gibi eylemler\ncezai sorumluluklar do\u011furur.&nbsp;<br>\n            <br><i>Balvini Turizm Organizasyon ve Ticaret A.\u015e<\/i>,\nbu durumlara engel olmak i\u00e7in, siteye giri\u015f engeli veya \u015fik\u00e2yette bulunmak gibi\ntedbirleri almaya yetkilidir. <i>Balvini Turizm Organizasyon ve Ticaret A.\u015e<\/i>,\ntalep edilen bir hizmeti vermeyi kabul edip etmemekte serbesttir.&nbsp;<br>\n            <br>Web sitemiz\nkanal\u0131yla alaca\u011f\u0131n\u0131z hizmetler nedeniyle aram\u0131zda bir ihtilaf olmas\u0131 durumunda,\nbu ihtilafa T\u00fcrk hukuku uygulanacak ve \u0130stanbul (merkez) mahkemeleri ve icra\ndaireleri yetkili olacakt\u0131r. <b>&nbsp;<\/b>\n            <br>\n            <br>&nbsp;Telif hakk\u0131 <i>Balvini Turizm\nOrganizasyon ve Ticaret A\u015e<\/i>\u2019 ye aittir. T\u00fcm haklar sakl\u0131d\u0131r. Bu sitede\nyay\u0131nlanan metin, g\u00f6rsel, ses, animasyon ve video dosyalar\u0131 ile tasar\u0131mlar\u0131\n5846 say\u0131l\u0131 Yasa ve ilgili Mevzuat gere\u011fi telif alt\u0131ndad\u0131r. T\u00fcm \u00f6geler ticari\nama\u00e7 i\u00e7in kopyalanamaz, kullan\u0131lamaz ve ba\u015fka sitelerde yay\u0131nlanamaz.\n&nbsp;\n          <\/span>\n          <br>\n        <\/p>\n      <\/div>\n    <\/section>\n    <section class=\"u-clearfix u-grey-5 u-section-3\" id=\"carousel_88ef\">\n      <div class=\"u-clearfix u-sheet u-sheet-1\">\n        <h2 class=\"u-text u-text-palette-2-base u-text-1\">Gizlilik Politikas\u0131<\/h2>\n        <p class=\"u-text u-text-2\">\n          <span style=\"font-weight: 700;\">Son\ng\u00fcncellenme: 23\/06\/2022<\/span>\n          <br>\n          <br>G\u00fcvenli\u011finiz\nbizim i\u00e7in \u00f6nemli. Bu sebeple bizimle payla\u015faca\u011f\u0131n\u0131z ki\u015fisel verileriz\nhassasiyetle korunmaktad\u0131r.<br>Biz,\nBalvini Turizm Organizasyon ve Ticaret A.\u015e, veri sorumlusu olarak, bu gizlilik\nve ki\u015fisel verilerin korunmas\u0131 politikas\u0131 ile, hangi ki\u015fisel verilerinizin\nhangi ama\u00e7la i\u015flenece\u011fi, i\u015flenen verilerin kimlerle ve neden payla\u015f\u0131labilece\u011fi,\nveri i\u015fleme y\u00f6ntemimiz ve hukuki sebeplerimiz ile; i\u015flenen verilerinize ili\u015fkin\nhaklar\u0131n\u0131z\u0131n neler oldu\u011fu hususunda sizleri ayd\u0131nlatmay\u0131 ama\u00e7l\u0131yoruz.<br>\n          <br>\n          <span style=\"font-weight: 700;\">Toplanan\nKi\u015fisel Verileriniz, Toplanma Y\u00f6ntemi ve Hukuki Sebebi<\/span>\n          <br>\n          <br>IP\nadresiniz ve kullan\u0131c\u0131 arac\u0131s\u0131 bilgileriniz, sadece analiz yapmak amac\u0131yla ve\n\u00e7erezler (cookies) vb. teknolojiler vas\u0131tas\u0131yla, otomatik veya otomatik olmayan\ny\u00f6ntemlerle ve bazen de analitik sa\u011flay\u0131c\u0131lar, reklam a\u011flar\u0131, arama bilgi sa\u011flay\u0131c\u0131lar\u0131,\nteknoloji sa\u011flay\u0131c\u0131lar\u0131 gibi \u00fc\u00e7\u00fcnc\u00fc taraflardan elde edilerek, kaydedilerek,\ndepolanarak ve g\u00fcncellenerek, aram\u0131zdaki hizmet ve s\u00f6zle\u015fme ili\u015fkisi\n\u00e7er\u00e7evesinde ve s\u00fcresince, me\u015fru menfaat i\u015fleme \u015fart\u0131na dayan\u0131larak\ni\u015flenecektir.<br>\n          <br>\n          <span style=\"font-weight: 700;\">Ki\u015fisel\nVerilerinizin \u0130\u015flenme Amac\u0131<\/span>\n          <br>\n          <br>Bizimle\npayla\u015ft\u0131\u011f\u0131n\u0131z ki\u015fisel verileriniz sadece analiz yapmak suretiyle; sundu\u011fumuz\nhizmetlerin gerekliliklerini en iyi \u015fekilde yerine getirebilmek, bu hizmetlere\nsizin taraf\u0131n\u0131zdan ula\u015f\u0131labilmesini ve maksimum d\u00fczeyde faydalan\u0131labilmesini\nsa\u011flamak, hizmetlerimizi, ihtiya\u00e7lar\u0131n\u0131z do\u011frultusunda geli\u015ftirebilmek ve\nsizleri daha geni\u015f kapsaml\u0131 hizmet sa\u011flay\u0131c\u0131lar\u0131 ile yasal \u00e7er\u00e7eveler\ni\u00e7erisinde bulu\u015fturabilmek ve kanundan do\u011fan zorunluluklar\u0131n (ki\u015fisel verilerin\ntalep halinde adli ve idari makamlarla payla\u015f\u0131lmas\u0131) yerine getirilebilmesi\namac\u0131yla, s\u00f6zle\u015fme ve hizmet s\u00fcresince, amac\u0131na uygun ve \u00f6l\u00e7\u00fcl\u00fc bir \u015fekilde\ni\u015flenecek ve g\u00fcncellenecektir.<br>\n          <br>\n          <span style=\"font-weight: 700;\">Toplanan\nKi\u015fisel Verilerin Kimlere ve Hangi Ama\u00e7larla Aktar\u0131labilece\u011f<\/span>\n          <span style=\"font-weight: 700;\">i<\/span>\n          <br>\n          <br>Bizimle\npayla\u015ft\u0131\u011f\u0131n\u0131z ki\u015fisel verileriniz; faaliyetlerimizi y\u00fcr\u00fctmek \u00fczere hizmet\nald\u0131\u011f\u0131m\u0131z ve\/veya verdi\u011fimiz, s\u00f6zle\u015fmesel ili\u015fki i\u00e7erisinde bulundu\u011fumuz, i\u015f\nbirli\u011fi yapt\u0131\u011f\u0131m\u0131z, yurt i\u00e7i ve yurt d\u0131\u015f\u0131ndaki 3. \u015fah\u0131slar ile kurum ve\nkurulu\u015flara ve talep halinde adli ve idari makamlara, gerekli teknik ve idari\n\u00f6nlemler al\u0131nmas\u0131 ko\u015fulu ile aktar\u0131labilecektir.<br>\n          <br>\n          <span style=\"font-weight: 700;\">Ki\u015fisel\nVerileri \u0130\u015flenen Ki\u015fi Olarak Haklar\u0131n\u0131z<\/span>\n          <br>\n          <br>KVKK\nmadde 11 uyar\u0131nca herkes, veri sorumlusuna ba\u015fvurarak a\u015fa\u011f\u0131daki haklar\u0131n\u0131\nkullanabilir:<br><!--[if !supportLists]-->\n          <br>a.Ki\u015fisel veri i\u015flenip\ni\u015flenmedi\u011fini \u00f6\u011frenme,<br><!--[if !supportLists]-->\n          <br>b.Ki\u015fisel verileri\ni\u015flenmi\u015fse buna ili\u015fkin bilgi talep etme,<br><!--[if !supportLists]-->\n          <br>c.Ki\u015fisel verilerin\ni\u015flenme amac\u0131n\u0131 ve bunlar\u0131n amac\u0131na uygun kullan\u0131l\u0131p kullan\u0131lmad\u0131\u011f\u0131n\u0131 \u00f6\u011frenme,<br><!--[if !supportLists]-->\n          <br>d.Yurt i\u00e7inde veya yurt\nd\u0131\u015f\u0131nda ki\u015fisel verilerin aktar\u0131ld\u0131\u011f\u0131 \u00fc\u00e7\u00fcnc\u00fc ki\u015fileri bilme,<br><!--[if !supportLists]-->\n          <br>e.Ki\u015fisel verilerin eksik\nveya yanl\u0131\u015f i\u015flenmi\u015f olmas\u0131 h\u00e2linde bunlar\u0131n d\u00fczeltilmesini isteme,<br><!--[if !supportLists]-->\n          <br>f.Ki\u015fisel verilerin\nsilinmesini veya yok edilmesini isteme,<br><!--[if !supportLists]-->\n          <br>g.(e) ve (f) bentleri\nuyar\u0131nca yap\u0131lan i\u015flemlerin, ki\u015fisel verilerin aktar\u0131ld\u0131\u011f\u0131 \u00fc\u00e7\u00fcnc\u00fc ki\u015filere\nbildirilmesini isteme,<br><!--[if !supportLists]-->\n          <br>h.\u0130\u015flenen verilerin\nm\u00fcnhas\u0131ran otomatik sistemler vas\u0131tas\u0131yla analiz edilmesi suretiyle ki\u015finin\nkendisi aleyhine bir sonucun ortaya \u00e7\u0131kmas\u0131na itiraz etme,<br><!--[if !supportLists]-->\n          <br>i.Ki\u015fisel verilerin\nkanuna ayk\u0131r\u0131 olarak i\u015flenmesi sebebiyle zarara u\u011framas\u0131 h\u00e2linde zarar\u0131n\ngiderilmesini talep etme, haklar\u0131na sahiptir.<br>\n          <br>Yukar\u0131da\nsay\u0131lan haklar\u0131n\u0131z\u0131 kullanmak \u00fczere&nbsp;admin@balvinihealth.com&nbsp;\u00fczerinden\nbizimle ileti\u015fime ge\u00e7ebilirsiniz.\n\u0130leti\u015fim\nSizlere\nhizmet sunabilmek ama\u00e7l\u0131 analizler yapabilmek i\u00e7in, sadece gerekli olan ki\u015fisel\nverilerinizin, i\u015fbu gizlilik ve ki\u015fisel verilerin i\u015flenmesi politikas\u0131 uyar\u0131nca\ni\u015flenmesini, kabul edip etmemek hususunda tamamen \u00f6zg\u00fcrs\u00fcn\u00fcz. Siteyi kullanmaya\ndevam etti\u011finiz takdirde kabul etmi\u015f oldu\u011funuz taraf\u0131m\u0131zca varsay\u0131lacak olup,\ndaha ayr\u0131nt\u0131l\u0131 bilgi i\u00e7in bizimle<br>admin@balvinihealth.come-posta\nadresi \u00fczerinden ileti\u015fime ge\u00e7mekten l\u00fctfen \u00e7ekinmeyiniz.\n        <\/p>\n      <\/div>\n    <\/section>\n    <section class=\"u-clearfix u-grey-5 u-section-4\" id=\"carousel_5b29\">\n      <div class=\"u-clearfix u-sheet u-sheet-1\">\n        <h2 class=\"u-text u-text-palette-2-base u-text-1\">Ki\u015fisel Verilerin Korunmas\u0131 \u0130le \u0130lgili Ayd\u0131nlatma Metni<\/h2>\n        <p class=\"u-text u-text-2\">&nbsp;<a href=\"https:\/\/www.mevzuat.gov.tr\/mevzuat?MevzuatNo=6698&amp;MevzuatTur=1&amp;MevzuatTertip=5\" class=\"u-active-none u-border-none u-btn u-button-style u-hover-none u-none u-text-palette-1-base u-btn-1\">6698 Say\u0131l\u0131\nKi\u015fisel Verilerin Korunmas\u0131 Kanunu<\/a>&nbsp;(KVKK) kapsam\u0131nda Balvini\nTurizm Organizasyon ve Ticaret A.\u015e. unvan\u0131na sahip olan \u015firketimiz \"Veri\nSorumlusu\"&nbsp; &nbsp;konumundad\u0131r.&nbsp;<br>\n          <br>\"Veri Sorumlusu\" s\u0131fat\u0131n\u0131 haiz\n\u015firketimiz taraf\u0131ndan ki\u015fisel veri niteli\u011findeki kimlik bilgileriniz (ad\u0131n\u0131z,\nsoyad\u0131n\u0131z vb.), ileti\u015fim bilgileriniz (telefon numaran\u0131z, e-posta adresiniz\nvb.), i\u015flem g\u00fcvenli\u011fi bilgileriniz (IP\/MAC adresiniz, internet sitemize\ngiri\u015f-\u00e7\u0131k\u0131\u015f bilgileriniz vb.) taraf\u0131m\u0131za iletece\u011finiz di\u011fer ki\u015fisel\nverileriniz,&nbsp;<br>Randevu\nkay\u0131tlar\u0131n\u0131z\u0131 olu\u015fturmak,&nbsp;<br>\n          <br>Hastanelerimizden\nalm\u0131\u015f oldu\u011funuz laboratuvar ve g\u00f6r\u00fcnt\u00fcleme hizmetlerine dair sonu\u00e7lar\u0131\ntaraf\u0131n\u0131za internet ortam\u0131nda aktarmak,&nbsp;<br>M\u00fc\u015fteri\nili\u015fkileri y\u00f6netim s\u00fcre\u00e7lerini ve memnuniyet \u00e7al\u0131\u015fmalar\u0131 ger\u00e7ekle\u015ftirmek,&nbsp;<br>\n          <br>M\u00fc\u015fteri\u2019ye\nsunulabilecek pazarlama, tan\u0131t\u0131m, \u00e7ekili\u015f, kampanya, etkinlik, halkla\nili\u015fkiler, anket \u00e7al\u0131\u015fmalar\u0131 ve her t\u00fcrl\u00fc abonelik hizmetlerinde kullanmak,&nbsp;<br>\n          <br>Pazarlama\nfaaliyetleri, kampanyalar, reklamlar, lansmanlar, anketler, \u00e7ekili\u015fler,\nindirimler, promosyonlar, \u00f6zel f\u0131rsatlar, tan\u0131t\u0131m a\u00e7\u0131l\u0131\u015f, davet, etkinlik ve\nileti\u015fim \u00e7al\u0131\u015fmalar\u0131 kapsam\u0131nda taraf\u0131n\u0131z ile ileti\u015fime ge\u00e7mek, bilgilendirme\nyapmak,&nbsp;<br>\n          <br>Elektronik\n(internet \/ mobil vs.) veya k\u00e2\u011f\u0131t ortam\u0131nda sa\u011flanan hizmetlere dayanak olacak\nt\u00fcm kay\u0131t ve belgeleri d\u00fczenlemek,&nbsp;<br>\n          <br>Taraf\u0131n\u0131zca\ntalep edilecek di\u011fer hizmetleri sunabilmek,&nbsp;<br>\n          <br>Hizmet\nalan ile olu\u015fan hukuki ili\u015fkin gere\u011fini yerine getirmek&nbsp;<br>\n          <br>Taraf\u0131n\u0131zla\ns\u00f6zle\u015fme kurabilmek,&nbsp;<br>\n          <br>Taraf\u0131n\u0131zla\nger\u00e7ekle\u015ftirilecek olan ileti\u015fim faaliyetlerini y\u00fcr\u00fctmek&nbsp;<br>\n          <br>Ama\u00e7lar\u0131 do\u011frultusunda verece\u011finiz a\u00e7\u0131k\nr\u0131za kapsam\u0131nda elektronik ve\/veya ka\u011f\u0131t ortamlar\u0131nda kaydedilecek, saklanacak,\nyukar\u0131da belirtilen amaca konu faaliyetleri y\u00fcr\u00fctmek \u00fczere hizmet ald\u0131\u011f\u0131m\u0131z,\ni\u015fbirli\u011fi yapt\u0131\u011f\u0131m\u0131z \u00fc\u00e7\u00fcnc\u00fc ki\u015filere, \u015firketimiz b\u00fcnyesinde g\u00f6rev yapan personelimize\na\u00e7\u0131klanabilecek, aktar\u0131labilecektir.&nbsp;<br>\n          <br>\u015eirketimize ba\u015fvurarak, ki\u015fisel\nverilerinizin;\n\u0130\u015flenip i\u015flenmedi\u011fini \u00f6\u011frenme,\ni\u015flenmi\u015fse bilgi talep etme,\n\u0130\u015flenme amac\u0131n\u0131 ve amac\u0131na uygun\nkullan\u0131l\u0131p kullan\u0131lmad\u0131\u011f\u0131n\u0131 \u00f6\u011frenme,\nYurt i\u00e7inde \/ yurt d\u0131\u015f\u0131nda aktar\u0131ld\u0131\u011f\u0131\n3. ki\u015fileri bilme, eksik \/ yanl\u0131\u015f i\u015flenmi\u015fse d\u00fczeltilmesini isteme,\nKVKK'n\u0131n 7. Maddesinde \u00f6ng\u00f6r\u00fclen \u015fartlar\n\u00e7er\u00e7evesinde silinmesini \/ yok edilmesini isteme,\nAktar\u0131ld\u0131\u011f\u0131 3. ki\u015filere yukar\u0131da say\u0131lan\ni\u015flemlerin bildirilmesini isteme,\nM\u00fcnhas\u0131ran otomatik sistemler ile analiz\nedilmesi nedeniyle aleyhinize bir sonucun ortaya \u00e7\u0131kmas\u0131na itiraz etme ve\nKanuna ayk\u0131r\u0131 olarak i\u015flenmesi sebebiyle\nzarara u\u011framan\u0131z h\u00e2linde zarar\u0131n giderilmesini talep etme\nHaklar\u0131na sahip oldu\u011funuzu bildiririz.&nbsp;<br>\n          <br>Sayg\u0131lar\u0131m\u0131zla\nBALV\u0130N\u0130\nTUR\u0130ZM ORGAN\u0130ZASYON VE T\u0130CARET A.\u015e.<br>&nbsp; &nbsp;<br>\n          <span class=\"u-text-palette-2-base\" style=\"font-size: 1.5rem;\">KVKK ONAY METN\u0130<\/span>&nbsp; &nbsp; &nbsp;<br>\n          <br>\"Ki\u015fisel Verilerin Korunmas\u0131 Hakk\u0131nda Ayd\u0131nlatma\nMetni\" nde yer alan bilgileri, a\u00e7\u0131klamalar\u0131 taraf\u0131ma tan\u0131nan haklar\u0131\nokudum ve anlad\u0131m.\n\u015eahs\u0131ma ve\/veya ad\u0131na hizmet\nalaca\u011f\u0131m velisi\/vasisi bulundu\u011fum ki\u015filere ait ki\u015fisel verilerin \u201cKi\u015fisel\nVerilerin Korunmas\u0131 Hakk\u0131nda Ayd\u0131nlatma Metni\u201d\u2019nde yer verilen bilgiler,\nama\u00e7lar ve a\u00e7\u0131klamalar do\u011frultusunda kaydedilmesine, saklanmas\u0131na, i\u015flenmesine,\naktar\u0131lmas\u0131na ve a\u00e7\u0131klanmas\u0131na hi\u00e7bir bask\u0131 alt\u0131nda kalmaks\u0131z\u0131n a\u00e7\u0131k\u00e7a onay\nveriyorum\n        <\/p>\n      <\/div>\n    <\/section>\n    <section class=\"u-clearfix u-grey-5 u-section-5\" id=\"carousel_5aba\">\n      <div class=\"u-clearfix u-sheet u-sheet-1\">\n        <h2 class=\"u-text u-text-palette-2-base u-text-1\">\u00c7erez Politikas\u0131<\/h2>\n        <p class=\"u-text u-text-2\">\u00c7erezler, web sunucusu taraf\u0131ndan\ntaray\u0131c\u0131n\u0131z arac\u0131l\u0131\u011f\u0131 ile bilgisayar\u0131n\u0131za yerle\u015ftirilen k\u00fc\u00e7\u00fck veri\ndosyalar\u0131d\u0131r. Taray\u0131c\u0131n\u0131z ve sunucu aras\u0131nda bir ba\u011flant\u0131 sa\u011fland\u0131\u011f\u0131nda site,\n\u00e7erezler arac\u0131l\u0131\u011f\u0131yla sizi tan\u0131r. \u00c7erezlerin kullan\u0131lma amac\u0131, web sitesini\nziyaret eden kullan\u0131c\u0131ya kolayl\u0131k sa\u011flamakt\u0131r.&nbsp;<br>\n          <br>Kullan\u0131m ama\u00e7lar\u0131na g\u00f6re d\u00f6rt\n\u00e7e\u015fit \u00e7erez bulunmaktad\u0131r:&nbsp;<br>Oturum \u00c7erezleri,&nbsp;<br>Performans \u00c7erezleri,<br>Fonksiyonel\n\u00c7erezler ve Reklam ve&nbsp;<br>\u00dc\u00e7\u00fcnc\u00fc Taraf \u00c7erezleri.&nbsp;<br>\n          <br>Balvini Turizm Organizasyon ve\nTicaret A.\u015e.<b> web sitesinde (<a href=\"https:\/\/www.balvinihealth.com\/tr\" class=\"u-active-none u-border-none u-btn u-button-style u-hover-none u-none u-text-palette-1-base u-btn-1\">www.balvinihealth.com<\/a>) bu \u00e7erezleri\nkullanmaktad\u0131r. <\/b>&nbsp;<br>\n          <br>Oturum \u00e7erezleri, kullan\u0131c\u0131n\u0131n web sitesinden\nayr\u0131lana dek taray\u0131c\u0131s\u0131nda tutulan ge\u00e7ici \u00e7erezlerdir. Kal\u0131c\u0131 \u00e7erezler ise\nkullan\u0131c\u0131 taraf\u0131ndan silinmedi\u011fi s\u00fcrece kullan\u0131c\u0131n\u0131n taray\u0131c\u0131s\u0131nda kalan\n\u00e7erezlerdir.&nbsp;<br>\u00c7erezlerin \u00f6mr\u00fc, kullan\u0131c\u0131n\u0131n yapm\u0131\u015f oldu\u011fu taray\u0131c\u0131 ayarlar\u0131na\nba\u011fl\u0131 olarak de\u011fi\u015fiklik g\u00f6sterir.\n&nbsp; <b>&nbsp;<\/b>\n          <br>\n          <br>\n          <span style=\"font-weight: 700;\">Oturum \u00c7erezleri =<\/span>Bu t\u00fcr \u00e7erezler <a href=\"http:\/\/www.balvinihelath.com\" class=\"u-active-none u-border-none u-btn u-button-style u-hover-none u-none u-text-palette-1-base u-btn-2\">www.balvinihelath.com<\/a>&nbsp; sitesinin d\u00fczg\u00fcn bir \u015fekilde\n  \u00e7al\u0131\u015fabilmesi i\u00e7in gereklidir. Web sitesinin ziyaret edilebilmesini ve\n  \u00f6zelliklerinden faydalan\u0131lmas\u0131n\u0131 bu \u00e7erezler sa\u011flar. Oturum \u00e7erezleri, web\n  sitesinde sayfalar aras\u0131nda bilgileri ta\u015f\u0131yabilmek ve bilgileri tekrardan\n  girmek zorunlulu\u011funu ortadan kald\u0131rmak i\u00e7in kullan\u0131lmaktad\u0131r.&nbsp;<br>\n          <span style=\"font-weight: 700;\">\n            <br>Performans \u00c7erezleri=&nbsp;\n          <\/span> Bu \u00e7erezler arac\u0131l\u0131\u011f\u0131yla, sayfalar\u0131n\n  ziyaret s\u0131kl\u0131\u011f\u0131, varsa ilgili hata iletileri, sayfalarda ge\u00e7irilen zaman ve\n  kullan\u0131c\u0131n\u0131n web sitesini kullanma \u015fekliyle ilgili bilgileri toplan\u0131r. Bu\n  bilgiler arac\u0131l\u0131\u011f\u0131yla, web sitesinin performans\u0131n\u0131n artt\u0131r\u0131lmas\u0131 sa\u011flan\u0131r.&nbsp;<br>\n          <br>\n          <span style=\"font-weight: 700;\">Fonksiyonel \u00c7erezler =&nbsp;<\/span> Bu \u00e7erezler ile kullan\u0131c\u0131n\u0131n site\n  i\u00e7inde yapm\u0131\u015f oldu\u011fu se\u00e7eneklerin hat\u0131rlanmas\u0131 sa\u011flan\u0131r ve b\u00f6ylelikle\n  kullan\u0131c\u0131ya kolayl\u0131k sa\u011flanm\u0131\u015f olur. Bu \u00e7erezler ile kullan\u0131c\u0131lara geli\u015fmi\u015f\n  web \u00f6zellikleri sa\u011flan\u0131r.&nbsp;<br>\n          <br>\n          <span style=\"font-weight: 700;\">Reklam Ve \u00dc\u00e7\u00fcnc\u00fc Taraf \u00c7erezleri =&nbsp;<\/span> Bu \u00e7erezler web sitelerinde baz\u0131\n  fonksiyonlar\u0131 kullanma amac\u0131yla, \u00fc\u00e7\u00fcnc\u00fc taraf tedarik\u00e7ilerine ait \u00e7erezleri\n  kullan\u0131l\u0131r.&nbsp;<br>\n          <br>Genel olarak internet taray\u0131c\u0131lar\u0131,\n\u00e7erezleri otomatik olarak kabul edecek \u015fekilde \u00f6n tan\u0131ml\u0131d\u0131r. Taray\u0131c\u0131lar,\n\u00e7erezleri engelleyecek veya cihaza \u00e7erez g\u00f6nderildi\u011finde kullan\u0131c\u0131ya uyar\u0131\nverecek \u015fekilde ayarlanabilir. \u00c7erezleri y\u00f6netmek taray\u0131c\u0131dan taray\u0131c\u0131ya\nfarkl\u0131l\u0131k g\u00f6sterdi\u011finden ayr\u0131nt\u0131l\u0131 bilgi almak i\u00e7in taray\u0131c\u0131n\u0131n yard\u0131m men\u00fcs\u00fcne\nbak\u0131labilir.\n        <\/p>\n      <\/div>\n    <\/section>\n    \n    \n  \n","protected":false},"excerpt":{"rendered":"<p>Web Sitemizin Kullan\u0131m Ko\u015fullar\u0131&nbsp;&nbsp; Balvini Turizm Organizasyon ve Ticaret A. \u015e &nbsp;taraf\u0131ndan yay\u0131nlanan&nbsp; www.balvinihealth.com , &nbsp;web sitesini ziyaret eden veya bu sitede sunulan hizmetlerden yararlanmay\u0131 talep eden herkes, i\u015fbu &#8220;Kullan\u0131m Ko\u015fullar\u0131nda\u201d yer alan h\u00fck\u00fcm ve \u015fartlar\u0131n tamam\u0131n\u0131 aynen kabul eder. &nbsp;www.balviniheallth.com &nbsp;web sitesine kay\u0131t yapt\u0131rma veya sunulan hizmetlerden yararlanmay\u0131 talep etmekle, &#8220;Kullan\u0131m Ko\u015fullar\u0131nda\u201d yer alan &hellip; <a href=\"https:\/\/www.balvinihealth.com\/tr\/kvkk\/\" class=\"more-link\">Continue reading<span class=\"screen-reader-text\"> &#8220;KVKK&#8221;<\/span><\/a><\/p>\n","protected":false},"author":1,"featured_media":0,"parent":0,"menu_order":0,"comment_status":"closed","ping_status":"closed","template":"","meta":{"_joinchat":[],"footnotes":""},"class_list":["post-3292","page","type-page","status-publish","hentry"],"_links":{"self":[{"href":"https:\/\/www.balvinihealth.com\/tr\/wp-json\/wp\/v2\/pages\/3292"}],"collection":[{"href":"https:\/\/www.balvinihealth.com\/tr\/wp-json\/wp\/v2\/pages"}],"about":[{"href":"https:\/\/www.balvinihealth.com\/tr\/wp-json\/wp\/v2\/types\/page"}],"author":[{"embeddable":true,"href":"https:\/\/www.balvinihealth.com\/tr\/wp-json\/wp\/v2\/users\/1"}],"replies":[{"embeddable":true,"href":"https:\/\/www.balvinihealth.com\/tr\/wp-json\/wp\/v2\/comments?post=3292"}],"version-history":[{"count":6,"href":"https:\/\/www.balvinihealth.com\/tr\/wp-json\/wp\/v2\/pages\/3292\/revisions"}],"predecessor-version":[{"id":3426,"href":"https:\/\/www.balvinihealth.com\/tr\/wp-json\/wp\/v2\/pages\/3292\/revisions\/3426"}],"wp:attachment":[{"href":"https:\/\/www.balvinihealth.com\/tr\/wp-json\/wp\/v2\/media?parent=3292"}],"curies":[{"name":"wp","href":"https:\/\/api.w.org\/{rel}","templated":true}]}}