{"id":462,"date":"2022-05-17T21:11:52","date_gmt":"2022-05-17T21:11:52","guid":{"rendered":"https:\/\/www.balvinihealth.com\/tr\/?page_id=462"},"modified":"2023-02-21T23:36:06","modified_gmt":"2023-02-21T23:36:06","slug":"randevu","status":"publish","type":"page","link":"https:\/\/www.balvinihealth.com\/tr\/randevu\/","title":{"rendered":"RANDEVU ALIN"},"content":{"rendered":"\n    \n    <section class=\"u-clearfix u-palette-4-base u-section-2\" id=\"sec-ce5e\">\n      <div class=\"u-clearfix u-sheet u-valign-middle-md u-sheet-1\">\n        <div class=\"u-hidden-md u-hidden-sm u-hidden-xs u-palette-1-base u-shape u-shape-rectangle u-shape-1\" data-animation-name=\"customAnimationIn\" data-animation-duration=\"1500\" data-animation-delay=\"500\"><\/div>\n        <div class=\"u-hidden-md u-hidden-sm u-hidden-xs u-palette-1-base u-shape u-shape-rectangle u-shape-2\" data-animation-name=\"customAnimationIn\" data-animation-duration=\"1500\" data-animation-delay=\"500\"><\/div>\n        <div class=\"u-clearfix u-expanded-width-sm u-expanded-width-xs u-gutter-0 u-layout-wrap u-layout-wrap-1\">\n          <div class=\"u-layout\">\n            <div class=\"u-layout-row\">\n              <div class=\"u-align-center u-container-style u-layout-cell u-shape-rectangle u-size-30-lg u-size-30-xl u-size-60-md u-size-60-sm u-size-60-xs u-white u-layout-cell-1\" data-animation-name=\"\" data-animation-duration=\"0\" data-animation-delay=\"0\" data-animation-direction=\"\">\n                <div class=\"u-container-layout u-valign-bottom u-container-layout-1\">\n                  <h3 class=\"u-text u-text-1\"> Randevu Olu\u015ftur<\/h3>\n                  <div class=\"u-align-left u-border-2 u-border-palette-4-base u-form u-radius-20 u-form-1\">\n                    <form action=\"https:\/\/forms.nicepagesrv.com\/Form\/Process\" class=\"u-clearfix u-form-spacing-28 u-form-vertical u-inner-form\" style=\"padding: 10px\" source=\"email\" name=\"form\">\n                      <div class=\"u-form-group u-form-name u-label-none\">\n                        <label for=\"name-5a14\" class=\"u-form-control-hidden u-label\" wfd-invisible=\"true\"><\/label>\n                        <input type=\"text\" placeholder=\"\u0130sim ve Soyisim\" id=\"name-5a14\" name=\"name\" class=\"u-input u-input-rectangle u-palette-4-light-3\" required=\"\">\n                      <\/div>\n                      <div class=\"u-form-email u-form-group u-label-none\">\n                        <label for=\"email-5a14\" class=\"u-form-control-hidden u-label\" wfd-invisible=\"true\">Email<\/label>\n                        <input type=\"email\" placeholder=\"E-mail\" id=\"email-5a14\" name=\"email\" class=\"u-input u-input-rectangle u-palette-4-light-3\" required=\"\">\n                      <\/div>\n                      <div class=\"u-form-group u-form-phone u-label-none\">\n                        <label for=\"phone-e987\" class=\"u-form-control-hidden u-label\"><\/label>\n                        <input type=\"tel\" pattern=\"\\+?\\d{0,3}[\\s\\(\\-]?([0-9]{2,3})[\\s\\)\\-]?([\\s\\-]?)([0-9]{3})[\\s\\-]?([0-9]{2})[\\s\\-]?([0-9]{2})\" placeholder=\"Telefon\" id=\"phone-e987\" name=\"phone\" class=\"u-input u-input-rectangle u-palette-4-light-3\" required=\"\">\n                      <\/div>\n                      <div class=\"u-form-group u-form-message u-label-none\">\n                        <label for=\"message-5a14\" class=\"u-form-control-hidden u-label\" wfd-invisible=\"true\">Message<\/label>\n                        <textarea placeholder=\"Mesaj\u0131n\u0131z\" rows=\"4\" cols=\"50\" id=\"message-5a14\" name=\"message\" class=\"u-input u-input-rectangle u-palette-4-light-3\" required=\"\"><\/textarea>\n                      <\/div>\n                      <div class=\"u-form-checkbox u-form-group u-label-none\">\n                        <input type=\"checkbox\" id=\"checkbox-b00f\" name=\"checkbox\" value=\"On\" required=\"required\">\n                        <label for=\"checkbox-b00f\" class=\"u-label\">\n                          <a href=\"https:\/\/www.balvinihealth.com\/tr\/kvkk\/\" class=\"u-active-none u-border-none u-btn u-button-style u-hover-none u-none u-text-palette-4-base u-btn-1\"> Ki\u015fisel verilerin korunmas\u0131na ili\u015fkin<br>ayd\u0131nlatma metnini okudum\n                          <\/a>\n                        <\/label>\n                      <\/div>\n                      <div class=\"u-align-left u-form-group u-form-submit u-label-none\">\n                        <a href=\"#\" class=\"u-active-none u-border-none u-btn u-btn-submit u-button-style u-hover-white u-palette-1-base u-text-active-palette-1-base u-text-hover-palette-1-base u-btn-2\">\u00fcCRETS\u0130Z DANI\u015eMANLIK ALIN<br>\n                        <\/a>\n                        <input type=\"submit\" value=\"submit\" class=\"u-form-control-hidden\" wfd-invisible=\"true\">\n                      <\/div>\n                      <div class=\"u-form-send-message u-form-send-success\" wfd-invisible=\"true\"> Thank you! Your message has been sent. <\/div>\n                      <div class=\"u-form-send-error u-form-send-message\" wfd-invisible=\"true\"> Unable to send your message. Please fix errors then try again. <\/div>\n                      <input type=\"hidden\" value=\"\" name=\"recaptchaResponse\" wfd-invisible=\"true\">\n                      <input type=\"hidden\" name=\"formServices\" value=\"59bd2cc29fed19c09f05be305fc138e3;a8383dee-1196-4ecc-8afa-033e33cc6c69\">\n                    <\/form>\n                  <\/div>\n                <\/div>\n              <\/div>\n              <div class=\"u-container-style u-layout-cell u-size-30-lg u-size-30-xl u-size-60-md u-size-60-sm u-size-60-xs u-white u-layout-cell-2\">\n                <div class=\"u-container-layout u-valign-top-xs u-container-layout-2\">\n                  <a href=\"tel:+905469028891\" class=\"u-active-none u-border-2 u-border-grey-75 u-border-no-bottom u-border-no-left u-border-no-right u-border-no-top u-bottom-left-radius-0 u-bottom-right-radius-0 u-btn u-btn-rectangle u-button-style u-hover-none u-none u-radius-0 u-top-left-radius-0 u-top-right-radius-0 u-btn-3\"><span class=\"u-icon u-text-palette-4-base\"><svg class=\"u-svg-content\" viewBox=\"0 0 405.333 405.333\" x=\"0px\" y=\"0px\" style=\"width: 1em; height: 1em;\"><path d=\"M373.333,266.88c-25.003,0-49.493-3.904-72.704-11.563c-11.328-3.904-24.192-0.896-31.637,6.699l-46.016,34.752    c-52.8-28.181-86.592-61.952-114.389-114.368l33.813-44.928c8.512-8.512,11.563-20.971,7.915-32.64    C142.592,81.472,138.667,56.96,138.667,32c0-17.643-14.357-32-32-32H32C14.357,0,0,14.357,0,32    c0,205.845,167.488,373.333,373.333,373.333c17.643,0,32-14.357,32-32V298.88C405.333,281.237,390.976,266.88,373.333,266.88z\"><\/path><\/svg><img><\/span>+90 (546) 902-8891\n                  <\/a>\n                  <div class=\"u-expanded-width-md u-expanded-width-sm u-expanded-width-xs u-list u-list-1\">\n                    <div class=\"u-repeater u-repeater-1\">\n                      <div class=\"u-container-style u-list-item u-repeater-item u-shape-rectangle\">\n                        <div class=\"u-container-layout u-similar-container u-valign-middle-lg u-valign-middle-xl u-valign-middle-xs u-container-layout-3\">\n                          <p class=\"u-text u-text-2\"> \u00dccretsiz Dan\u0131\u015fmanl\u0131k \u0130steyin<\/p>\n                        <\/div>\n                      <\/div>\n                      <div class=\"u-container-style u-list-item u-repeater-item u-shape-rectangle\">\n                        <div class=\"u-container-layout u-similar-container u-valign-middle-lg u-valign-middle-xl u-valign-middle-xs u-container-layout-4\">\n                          <p class=\"u-text u-text-3\"> L\u00fctfen sayfadaki formu doldurun, sa\u011fl\u0131k dan\u0131\u015fman\u0131n\u0131z en k\u0131sa s\u00fcrede sizinle ileti\u015fime ge\u00e7ecektir.<\/p>\n                        <\/div>\n                      <\/div>\n                      <div class=\"u-container-style u-list-item u-repeater-item u-shape-rectangle\">\n                        <div class=\"u-container-layout u-similar-container u-valign-middle-lg u-valign-middle-xl u-valign-middle-xs u-container-layout-5\">\n                          <p class=\"u-text u-text-4\"> Sorunuzu hen\u00fcz yan\u0131tlamad\u0131ysak, bizi aray\u0131n.<\/p>\n                        <\/div>\n                      <\/div>\n                    <\/div>\n                  <\/div>\n                <\/div>\n              <\/div>\n            <\/div>\n          <\/div>\n        <\/div>\n      <\/div>\n    <\/section>\n    \n    \n  \n","protected":false},"excerpt":{"rendered":"<p>Randevu Olu\u015ftur Email Message Ki\u015fisel verilerin korunmas\u0131na ili\u015fkinayd\u0131nlatma metnini okudum \u00fcCRETS\u0130Z DANI\u015eMANLIK ALIN Thank you! Your message has been sent. Unable to send your message. Please fix errors then try again. +90 (546) 902-8891 \u00dccretsiz Dan\u0131\u015fmanl\u0131k \u0130steyin L\u00fctfen sayfadaki formu doldurun, sa\u011fl\u0131k dan\u0131\u015fman\u0131n\u0131z en k\u0131sa s\u00fcrede sizinle ileti\u015fime ge\u00e7ecektir. Sorunuzu hen\u00fcz yan\u0131tlamad\u0131ysak, bizi aray\u0131n.<\/p>\n","protected":false},"author":1,"featured_media":0,"parent":0,"menu_order":0,"comment_status":"closed","ping_status":"closed","template":"","meta":{"_joinchat":[],"footnotes":""},"class_list":["post-462","page","type-page","status-publish","hentry"],"_links":{"self":[{"href":"https:\/\/www.balvinihealth.com\/tr\/wp-json\/wp\/v2\/pages\/462"}],"collection":[{"href":"https:\/\/www.balvinihealth.com\/tr\/wp-json\/wp\/v2\/pages"}],"about":[{"href":"https:\/\/www.balvinihealth.com\/tr\/wp-json\/wp\/v2\/types\/page"}],"author":[{"embeddable":true,"href":"https:\/\/www.balvinihealth.com\/tr\/wp-json\/wp\/v2\/users\/1"}],"replies":[{"embeddable":true,"href":"https:\/\/www.balvinihealth.com\/tr\/wp-json\/wp\/v2\/comments?post=462"}],"version-history":[{"count":41,"href":"https:\/\/www.balvinihealth.com\/tr\/wp-json\/wp\/v2\/pages\/462\/revisions"}],"predecessor-version":[{"id":5274,"href":"https:\/\/www.balvinihealth.com\/tr\/wp-json\/wp\/v2\/pages\/462\/revisions\/5274"}],"wp:attachment":[{"href":"https:\/\/www.balvinihealth.com\/tr\/wp-json\/wp\/v2\/media?parent=462"}],"curies":[{"name":"wp","href":"https:\/\/api.w.org\/{rel}","templated":true}]}}