{"id":4721,"date":"2022-08-14T20:26:27","date_gmt":"2022-08-14T20:26:27","guid":{"rendered":"https:\/\/www.balvinihealth.com\/tr\/?page_id=4721"},"modified":"2023-05-04T20:22:44","modified_gmt":"2023-05-04T20:22:44","slug":"goz-tedavileri","status":"publish","type":"page","link":"https:\/\/www.balvinihealth.com\/tr\/goz-tedavileri\/","title":{"rendered":"G\u00d6Z TEDAV\u0130LER\u0130"},"content":{"rendered":"\n    \n    <section class=\"u-align-left u-clearfix u-grey-10 u-section-2\" id=\"carousel_127a\">\n      <div class=\"u-clearfix u-sheet u-sheet-1\">\n        <h4 class=\"u-text u-text-1\" data-lang-tr=\"<a href=&quot;https:\/\/www.investopedia.com\/real-estate-investing-4689779&quot; class=&quot;breadcrumbs__link&quot;>\u200b<\/a>ALL TREATMENTS\">T\u00dcM TEDAV\u0130LER<\/h4>\n        <h2 class=\"u-text u-text-2\" data-lang-tr=\"\u200bOur Eye Treatment Services\"> G\u00f6z Tedavileri<\/h2>\n        <p class=\"u-text u-text-3\" data-lang-tr=\"\u200bBalvini Health is happy to assist\nyou in diagnosing and treating all different kinds of vision problems with the\nassistance of eye specialist physicians.\"> Balvini Health, anla\u015fmal\u0131 kurumlar\u0131n\u0131n yard\u0131m\u0131yla her t\u00fcrl\u00fc g\u00f6rme probleminin te\u015fhis ve tedavisinde size yard\u0131mc\u0131 olmaktan mutluluk duyar.<\/p>\n        <div class=\"u-clearfix u-expanded-width-lg u-expanded-width-sm u-expanded-width-xl u-expanded-width-xs u-gutter-20 u-layout-wrap u-layout-wrap-1\">\n          <div class=\"u-gutter-0 u-layout\" style=\"\">\n            <div class=\"u-layout-col\" style=\"\">\n              <div class=\"u-size-30\">\n                <div class=\"u-layout-row\">\n                  <div class=\"u-container-style u-hover-feature u-image u-layout-cell u-size-15 u-size-30-md lazyload u-image-1\" data-image-width=\"948\" data-image-height=\"900\" data-bg=\"url(&quot;https:\/\/www.balvinihealth.com\/tr\/wp-content\/uploads\/sites\/19\/2022\/08\/Gz_ierik_cataract.jpg&quot;)\">\n                    <div class=\"u-container-layout u-valign-bottom u-container-layout-1\">\n                      <h4 class=\"u-custom-font u-text u-text-body-alt-color u-text-4\" data-lang-tr=\"<a class=&quot;u-active-none u-border-none u-btn u-button-link u-button-style u-hover-none u-none u-text-active-white u-text-hover-white u-block-a00e-34&quot; href=&quot;https:\/\/www.balvinihealth.com\/tr\/katarakt\/&quot; style=&quot;background-image: none; font-size: 1.5rem; padding-top: 0; padding-bottom: 0; padding-left: 0; padding-right: 0&quot;>Cataract<\/a>\">Katarakt<\/h4>\n                    <\/div>\n                  <\/div>\n                  <div class=\"u-container-style u-hover-feature u-image u-layout-cell u-shading u-size-15 u-size-30-md lazyload u-image-2\" data-image-width=\"2401\" data-image-height=\"1600\" data-bg=\"url(&quot;https:\/\/www.balvinihealth.com\/tr\/wp-content\/uploads\/sites\/19\/2022\/08\/homepage_slayd_01-3.jpg&quot;)\">\n                    <div class=\"u-container-layout u-valign-bottom u-container-layout-2\">\n                      <h4 class=\"u-custom-font u-text u-text-5\" data-lang-tr=\"<a class=&quot;u-active-none u-border-none u-btn u-button-link u-button-style u-custom-font u-hover-none u-none u-text-active-white u-text-hover-white u-text-white u-block-a00e-35&quot; href=&quot;#&quot; style=&quot;background-image: none; font-family: ProximaNovaRegular; padding-top: 0; padding-bottom: 0; padding-left: 0; padding-right: 0&quot;>\u200bSmart Lens Implantation<\/a>\">Ak\u0131ll\u0131 Lens Implantation<\/h4>\n                    <\/div>\n                  <\/div>\n                  <div class=\"u-container-style u-hover-feature u-image u-layout-cell u-size-15 u-size-30-md lazyload u-image-3\" data-image-width=\"2401\" data-image-height=\"1600\" data-bg=\"url(&quot;https:\/\/www.balvinihealth.com\/tr\/wp-content\/uploads\/sites\/19\/2022\/08\/homepage_slayd_02-3.jpg&quot;)\">\n                    <div class=\"u-container-layout u-valign-bottom u-container-layout-3\">\n                      <h4 class=\"u-custom-font u-hover-feature u-text u-text-body-alt-color u-text-6\" data-lang-tr=\"<a class=&quot;u-active-none u-border-active-palette-2-dark-1 u-border-hover-palette-2-base u-border-none u-btn u-button-link u-button-style u-custom-font u-hover-none u-none u-text-active-white u-text-hover-white u-text-white u-block-a00e-33&quot; href=&quot;https:\/\/www.balvinihealth.com\/tr\/excimer_lazer-1\/&quot; style=&quot;font-family: ProximaNovaRegular; font-size: 1.5rem; padding-top: 0; padding-bottom: 0; padding-left: 0; padding-right: 0&quot;>\u200bExcimer Laser\u200b<\/a>\"> Excimer Lazer<\/h4>\n                    <\/div>\n                  <\/div>\n                  <div class=\"u-container-style u-hover-feature u-image u-layout-cell u-size-15 u-size-30-md lazyload u-image-4\" data-image-width=\"1350\" data-image-height=\"900\" data-bg=\"url(&quot;https:\/\/www.balvinihealth.com\/tr\/wp-content\/uploads\/sites\/19\/2022\/08\/Gz_ierik_retina_tedavisi.jpg&quot;)\">\n                    <div class=\"u-container-layout u-valign-bottom u-container-layout-4\">\n                      <h4 class=\"u-custom-font u-text u-text-body-alt-color u-text-7\" data-lang-tr=\"<a class=&quot;u-active-none u-border-none u-btn u-button-link u-button-style u-hover-none u-none u-text-active-white u-text-hover-white u-text-white u-block-a00e-39&quot; href=&quot;#&quot; style=&quot;background-image: none; margin-right: auto; margin-left: auto; display: block; padding-top: 0; padding-bottom: 0; padding-left: 0; padding-right: 0&quot;>\u200bRetinal Diseases<\/a>\"> Retina Hastal\u0131klar\u0131<\/h4>\n                    <\/div>\n                  <\/div>\n                <\/div>\n              <\/div>\n              <div class=\"u-size-30\" style=\"\">\n                <div class=\"u-layout-row\" style=\"\">\n                  <div class=\"u-container-style u-hover-feature u-image u-layout-cell u-size-15 u-size-30-md lazyload u-image-5\" data-image-width=\"1350\" data-image-height=\"900\" data-bg=\"url(&quot;https:\/\/www.balvinihealth.com\/tr\/wp-content\/uploads\/sites\/19\/2022\/08\/Gz_ierik_gloucoma.jpg&quot;)\">\n                    <div class=\"u-container-layout u-valign-bottom u-container-layout-5\">\n                      <h4 class=\"u-custom-font u-text u-text-body-alt-color u-text-8\" data-lang-tr=\"<a class=&quot;u-active-none u-border-none u-btn u-button-link u-button-style u-hover-none u-none u-text-active-white u-text-hover-white u-text-white u-block-a00e-38&quot; href=&quot;#&quot; style=&quot;background-image: none; padding-top: 0; padding-bottom: 0; padding-left: 0; padding-right: 0&quot;>\u200bGlaucoma<\/a>\">Glokom<\/h4>\n                    <\/div>\n                  <\/div>\n                  <div class=\"u-container-style u-hover-feature u-image u-layout-cell u-shading u-size-15 u-size-30-md lazyload u-image-6\" data-image-width=\"1000\" data-image-height=\"667\" data-bg=\"url(&quot;https:\/\/www.balvinihealth.com\/tr\/wp-content\/uploads\/sites\/19\/2022\/08\/goz_kapagi_estetigi.png&quot;)\">\n                    <div class=\"u-container-layout u-valign-bottom u-container-layout-6\">\n                      <h4 class=\"u-custom-font u-text u-text-9\" data-lang-tr=\"<a class=&quot;u-active-none u-border-none u-btn u-button-link u-button-style u-hover-none u-none u-text-active-white u-text-hover-white u-text-white u-block-a00e-36&quot; href=&quot;#&quot; style=&quot;background-image: none; padding-top: 0; padding-bottom: 0; padding-left: 0; padding-right: 0&quot;>\u200b\u200bEyelid Aesthetic\u200b<\/a>\">G\u00f6z Kapa\u011f\u0131 Esteti\u011fi<\/h4>\n                    <\/div>\n                  <\/div>\n                  <div class=\"u-container-style u-hover-feature u-image u-layout-cell u-size-15 u-size-30-md lazyload u-image-7\" data-image-width=\"1350\" data-image-height=\"900\" data-bg=\"url(&quot;https:\/\/www.balvinihealth.com\/tr\/wp-content\/uploads\/sites\/19\/2022\/08\/Gz_ierik_retina.jpg&quot;)\">\n                    <div class=\"u-container-layout u-valign-bottom u-container-layout-7\">\n                      <h4 class=\"u-custom-font u-text u-text-body-alt-color u-text-10\" data-lang-tr=\"<a class=&quot;u-active-none u-border-none u-btn u-button-link u-button-style u-hover-none u-none u-text-active-white u-text-hover-white u-text-white u-block-a00e-40&quot; href=&quot;#&quot; style=&quot;background-image: none; padding-top: 0; padding-bottom: 0; padding-left: 0; padding-right: 0&quot;>\u200bCorneal Transplant<\/a>\">Kornea Nakli<\/h4>\n                    <\/div>\n                  <\/div>\n                  <div class=\"u-container-style u-hover-feature u-image u-layout-cell u-shading u-size-15 u-size-30-md lazyload u-image-8\" data-image-width=\"1350\" data-image-height=\"900\" data-bg=\"url(&quot;https:\/\/www.balvinihealth.com\/tr\/wp-content\/uploads\/sites\/19\/2022\/08\/Gz_ierik_strabismus.jpg&quot;)\">\n                    <div class=\"u-container-layout u-valign-bottom u-container-layout-8\">\n                      <h4 class=\"u-custom-font u-text u-text-11\" data-lang-tr=\"<a class=&quot;u-active-none u-border-none u-btn u-button-link u-button-style u-hover-none u-none u-text-active-white u-text-hover-white u-text-white u-block-a00e-37&quot; href=&quot;#&quot; style=&quot;background-image: none; padding-top: 0; padding-bottom: 0; padding-left: 0; padding-right: 0&quot;>\u200bStrabismus<\/a>\">\u015ea\u015f\u0131l\u0131k<\/h4>\n                    <\/div>\n                  <\/div>\n                <\/div>\n              <\/div>\n            <\/div>\n          <\/div>\n        <\/div>\n      <\/div>\n      \n      \n      \n      \n      \n      \n      \n      \n      \n    <\/section>\n    <section class=\"u-align-left u-clearfix u-white u-section-3\" id=\"sec-0364\">\n      <div class=\"u-clearfix u-sheet u-valign-middle-xs u-sheet-1\">\n        <p class=\"u-text u-text-1\" data-lang-tr=\"\u200bAs soon as your appointment is set up, a member of our coordination team will be assigned to youand will be in constant communication to ensure a seamless experience in Turkey, from the beginningof your trip to the end of your treatment for your return home.\">Balvini Turizm ve Organizasyon Tic. A.\u015e.<br>Bir sa\u011fl\u0131k kurulu\u015fu de\u011fildir. Sa\u011fl\u0131k Bakanl\u0131\u011f\u0131 taraf\u0131ndan yetkilendirilmi\u015f bir sa\u011fl\u0131k turizmi arac\u0131 kurulu\u015fu olarak sa\u011fl\u0131k turizmi hizmetleri sa\u011flamakta ve sizleri anla\u015fmal\u0131 oldu\u011fumuz sa\u011fl\u0131k kurulu\u015flar\u0131 ile bulu\u015fturmaktad\u0131r.\n        <\/p>\n      <\/div>\n    <\/section>\n    <section class=\"u-align-left u-clearfix u-grey-10 u-section-4\" id=\"sec-349d\">\n      <div class=\"u-clearfix u-sheet u-sheet-1\">\n        <h3 class=\"u-custom-font u-text u-text-1\" data-lang-tr=\"\u200bEye Diseases\u200b\"> G\u00f6z Hastal\u0131klar\u0131 <\/h3>\n        <p class=\"u-text u-text-2\" data-lang-tr=\"\u200bEye diseases are the most significant health problem impacting life quality. Eye diseases can typically be treated before irreversible vision loss occurs if they are detected early.&amp;nbsp;For this reason, it is very important to have regular eye examinations in order to detect and prevent serious problems that may occur later. Even those who have no complaints should undergo an eye examination at least once a year and take precautionary measures against risks.If you have doubts about your eye health or if you have complaints about your eye, you should immediately be examined in the Eye Health and Diseases department and get treatment if necessary.Balvini Health is happy to assist you in diagnosing and treating all different kinds of vision problems with the assistance of eye specialist physicians\"> Ya\u015fam\nkalitesini etkileyen en \u00f6nemli sa\u011fl\u0131k problemi g\u00f6z hastal\u0131klar\u0131d\u0131r. Genellikle\ng\u00f6z hastal\u0131klar\u0131 erken te\u015fhis edildiklerinde g\u00f6rme kayb\u0131na varan kal\u0131c\u0131\nhasarlar olu\u015fmadan tedavi edilebilir.&nbsp;<br>\n          <br> Bu sebeple d\u00fczenli g\u00f6z muayenesi yapt\u0131rmak, daha sonra meydana gelebilecek\nciddi sorunlar\u0131n tespit edilerek \u00f6nlenmesi a\u00e7\u0131s\u0131ndan \u00e7ok \u00f6nemlidir. Hi\u00e7bir \u015fik\u00e2yeti\nolmayanlar bile en az y\u0131lda bir kere g\u00f6z muayenesinden ge\u00e7erek risklere kar\u015f\u0131\n\u00f6nceden \u00f6nlem almal\u0131d\u0131r.&nbsp;<br>\n          <br> E\u011fer g\u00f6z sa\u011fl\u0131\u011f\u0131n\u0131zla ilgili ku\u015fkular\u0131n\u0131z varsa ya da g\u00f6z\u00fcn\u00fcz ile ilgili\n\u015fikayetleriniz varsa vakit kaybetmeden G\u00f6z sa\u011fl\u0131\u011f\u0131 ve hastal\u0131klar\u0131 b\u00f6l\u00fcm\u00fcne\nmuayene olmal\u0131 ve gerekiyorsa tedavi olmal\u0131s\u0131n\u0131z.&nbsp;<br>\n          <br> Balvini Health g\u00f6z alan\u0131nda anla\u015fmal\u0131 oldu\u011fu kurumlar vas\u0131tas\u0131yla her t\u00fcrl\u00fc g\u00f6z kusurunun\nte\u015fhis&nbsp; edilmesi ve tedavisi i\u00e7in size yard\u0131mc\u0131 olmaktan mutluluk\nduyar.&nbsp;<br>\n          <br>\n        <\/p>\n      <\/div>\n    <\/section>\n    <section class=\"u-align-left u-clearfix u-white u-section-5\" id=\"carousel_40a2\">\n      <div class=\"u-clearfix u-sheet u-valign-middle-lg u-valign-middle-md u-valign-middle-xl u-sheet-1\">\n        <h6 class=\"u-align-left u-custom-font u-text u-text-1\" data-lang-tr=\"\u200bOur health consultants seek out treatment options that meet \u200byour requirements. Filling out the appointment form will grant you access to our free consulting service.\"> Sa\u011fl\u0131k dan\u0131\u015fmanlar\u0131m\u0131z sizlerin ihtiya\u00e7lar\u0131n\u0131za uygun tedavi alternatifleri\ni\u00e7in \u00e7al\u0131\u015fmaktad\u0131r. Randevu formunu doldurarak \u00fccretsiz dan\u0131\u015fmanl\u0131k hizmetimizden\nfaydalanabilirsiniz.<\/h6>\n      <\/div>\n    <\/section>\n    <section class=\"u-align-left u-clearfix u-grey-10 u-section-6\" id=\"sec-3143\">\n      <div class=\"u-clearfix u-sheet u-sheet-1\">\n        <h5 class=\"u-text u-text-black u-text-1\" data-lang-tr=\"\u200bWE HAVE YOUR BEST INTERESTS IN MIND<br>\"><b>S\u0130z\u0130n \u0130\u00e7\u0130n \u00e7al\u0131\u015f\u0131yoruz<\/b><b>\u2026<\/b>\n          <br>\n        <\/h5>\n        <p class=\"u-text u-text-2\" data-lang-tr=\"\u200bAs soon as your appointment is set up, a member of our coordination team will be assigned to youand will be in constant communication to ensure a seamless experience in Turkey, from the beginningof your trip to the end of your treatment for your return home.\"> Randevunuzun olu\u015fturulmas\u0131ndan itibaren size \u00f6zel atanacak koordinasyon ekibimiz\nseyahatinizin ba\u015flamas\u0131ndan, tedavinizin sonlan\u0131p \u00fclkenize d\u00f6n\u00fc\u015f\u00fcn\u00fcze\nkadar ge\u00e7ecek zaman diliminde T\u00fcrkiye' de ya\u015fad\u0131\u011f\u0131n\u0131z deneyimin sorunsuz\nger\u00e7ekle\u015fmesi i\u00e7in daima sizinle ileti\u015fim halinde olacakt\u0131r.<br>\n          <br>Balvini Health, Sa\u011fl\u0131k Bakanl\u0131\u011f\u0131 taraf\u0131ndan yetkilendirilmi\u015f bir arac\u0131 kurulu\u015f olarak, sizlerin ihtiya\u00e7 duydu\u011fu tedavinin ger\u00e7ekle\u015ftirilebilmesi i\u00e7in gerekli olan s\u00fcreci, anla\u015fmal\u0131 sa\u011fl\u0131k kurulu\u015flar\u0131n\u0131n birinde organize eder. Ayr\u0131ca Balvini Health, hasta yak\u0131nlar\u0131na gerekli d\u00fczenlemeleri yaparak seyehatleri ile ilgili planlamalar\u0131 yapar. Tedavi sonras\u0131nda da Balvini Health ekibi hastalar\u0131m\u0131z\u0131n takibine ve gerekli deste\u011fi vermeye devam etmektedir.<br>\n        <\/p>\n        <a href=\"https:\/\/www.balvinihealth.com\/tr\/randevu\/\" class=\"u-active-white u-border-none u-btn u-btn-round u-button-style u-custom-color-7 u-custom-font u-hover-white u-radius-50 u-text-active-custom-color-7 u-text-hover-custom-color-7 u-text-white u-btn-1\" data-lang-tr=\"{&quot;content&quot;:&quot;book your free consultation&quot;,&quot;href&quot;:&quot;https:\/\/www.balvinihealth.com\/tr\/randevu\/&quot;}\">\u00fcCRETS\u0130Z DANI\u015eMANLIK ALIN<\/a>\n      <\/div>\n    <\/section>\n    \n    \n  \n","protected":false},"excerpt":{"rendered":"<p>T\u00dcM TEDAV\u0130LER G\u00f6z Tedavileri Balvini Health, anla\u015fmal\u0131 kurumlar\u0131n\u0131n yard\u0131m\u0131yla her t\u00fcrl\u00fc g\u00f6rme probleminin te\u015fhis ve tedavisinde size yard\u0131mc\u0131 olmaktan mutluluk duyar. Katarakt Ak\u0131ll\u0131 Lens Implantation Excimer Lazer Retina Hastal\u0131klar\u0131 Glokom G\u00f6z Kapa\u011f\u0131 Esteti\u011fi Kornea Nakli \u015ea\u015f\u0131l\u0131k Balvini Turizm ve Organizasyon Tic. A.\u015e.Bir sa\u011fl\u0131k kurulu\u015fu de\u011fildir. Sa\u011fl\u0131k Bakanl\u0131\u011f\u0131 taraf\u0131ndan yetkilendirilmi\u015f bir sa\u011fl\u0131k turizmi arac\u0131 kurulu\u015fu olarak &hellip; <a href=\"https:\/\/www.balvinihealth.com\/tr\/goz-tedavileri\/\" class=\"more-link\">Continue reading<span class=\"screen-reader-text\"> &#8220;G\u00d6Z TEDAV\u0130LER\u0130&#8221;<\/span><\/a><\/p>\n","protected":false},"author":1,"featured_media":0,"parent":0,"menu_order":0,"comment_status":"closed","ping_status":"closed","template":"","meta":{"_joinchat":[],"footnotes":""},"class_list":["post-4721","page","type-page","status-publish","hentry"],"_links":{"self":[{"href":"https:\/\/www.balvinihealth.com\/tr\/wp-json\/wp\/v2\/pages\/4721"}],"collection":[{"href":"https:\/\/www.balvinihealth.com\/tr\/wp-json\/wp\/v2\/pages"}],"about":[{"href":"https:\/\/www.balvinihealth.com\/tr\/wp-json\/wp\/v2\/types\/page"}],"author":[{"embeddable":true,"href":"https:\/\/www.balvinihealth.com\/tr\/wp-json\/wp\/v2\/users\/1"}],"replies":[{"embeddable":true,"href":"https:\/\/www.balvinihealth.com\/tr\/wp-json\/wp\/v2\/comments?post=4721"}],"version-history":[{"count":31,"href":"https:\/\/www.balvinihealth.com\/tr\/wp-json\/wp\/v2\/pages\/4721\/revisions"}],"predecessor-version":[{"id":5332,"href":"https:\/\/www.balvinihealth.com\/tr\/wp-json\/wp\/v2\/pages\/4721\/revisions\/5332"}],"wp:attachment":[{"href":"https:\/\/www.balvinihealth.com\/tr\/wp-json\/wp\/v2\/media?parent=4721"}],"curies":[{"name":"wp","href":"https:\/\/api.w.org\/{rel}","templated":true}]}}