{"id":5217,"date":"2023-02-21T14:08:23","date_gmt":"2023-02-21T14:08:23","guid":{"rendered":"https:\/\/www.balvinihealth.com\/tr\/?page_id=5217"},"modified":"2023-06-07T06:46:32","modified_gmt":"2023-06-07T06:46:32","slug":"clinicks","status":"publish","type":"page","link":"https:\/\/www.balvinihealth.com\/tr\/clinicks\/","title":{"rendered":"MEDICANA"},"content":{"rendered":"\n    \n    <section class=\"u-clearfix u-section-2\" id=\"carousel_203b\">\n      <div class=\"u-clearfix u-sheet u-sheet-1\">\n        <div class=\"u-clearfix u-expanded-width-lg u-expanded-width-xl u-gutter-0 u-layout-wrap u-layout-wrap-1\">\n          <div class=\"u-gutter-0 u-layout\">\n            <div class=\"u-layout-row\">\n              <div class=\"u-container-style u-layout-cell u-right-cell u-shape-rectangle u-size-22 u-layout-cell-1\">\n                <div class=\"u-container-layout u-container-layout-1\">\n                  <div class=\"u-container-style u-expanded-width u-group u-palette-1-base u-shape-rectangle u-group-1\">\n                    <div class=\"u-container-layout u-valign-middle u-container-layout-2\">\n                      <img class=\"u-image u-image-contain u-image-default u-preserve-proportions lazyload u-image-1\" alt=\"\" data-image-width=\"236\" data-image-height=\"32\" data-src=\"https:\/\/www.balvinihealth.com\/tr\/wp-content\/uploads\/sites\/19\/2023\/02\/medicana_logo.svg\">\n                    <\/div>\n                  <\/div>\n                  <img class=\"u-expanded-width u-image u-image-default u-preserve-proportions lazyload u-image-2\" alt=\"\" data-image-width=\"260\" data-image-height=\"260\" data-src=\"https:\/\/www.balvinihealth.com\/tr\/wp-content\/uploads\/sites\/19\/2023\/02\/medicana_international.jpg\">\n                <\/div>\n              <\/div>\n              <div class=\"u-align-left u-container-style u-layout-cell u-left-cell u-size-38 u-layout-cell-2\" data-href=\"https:\/\/www.balvinihealth.com\/tr\/randevu\/\" title=\"RANDEVU ALIN\">\n                <div class=\"u-container-layout u-valign-top u-container-layout-3\">\n                  <h1 class=\"u-text u-text-default u-text-1\"> Medicana International\u200b Istanbul<\/h1>\n                  <div class=\"u-border-3 u-border-palette-4-base u-line u-line-horizontal u-line-1\"><\/div>\n                  <p class=\"u-text u-text-default u-text-2\"> Medicana International \u0130stanbul Hastanesi, 30000 m2 kapal\u0131 alana sahiptir. Hasta katlar\u0131 ve poliklinik katlar\u0131 olmak \u00fczere birbirine ge\u00e7i\u015fli iki b\u00f6l\u00fcmden meydana gelmi\u015ftir. Hastanemiz, \u0130stanbul, Trakya ve Avrupa\u2019dan gelecek hastalara hizmet verecek kapasite ve teknik \u00f6zelliklerde in\u015fa edilmi\u015ftir.<br>\n                    <br>Dahili ve Cerrahi Yo\u011fun Bak\u0131m \u00dcnitesi, Kardiyovask\u00fcler Cerrahi Yo\u011fun Bak\u0131m \u00dcnitesi, Koroner Yo\u011fun Bak\u0131m ve Yenido\u011fan Yo\u011fun Bak\u0131m \u00dcnitesi teknoloji ve hastane mimarisinin son olanaklar\u0131 kullan\u0131larak tasarlanm\u0131\u015ft\u0131r. CIP, VIP, standart hasta odalar\u0131 ve yo\u011fun bak\u0131m hasta odalar\u0131 hasta konforunu \u00f6n planda tutarak, t\u0131bbi i\u015flemlerin ve tedavinin ger\u00e7ekle\u015ftirilece\u011fi t\u00fcm sistemlerle donat\u0131lm\u0131\u015ft\u0131r.<br>\n                    <br>Medicana International \u0130stanbul hastanesi, bulundu\u011fu lokasyon itibariyle \u00f6\u011fretim \u00fcyesi, hekim kadrosu, (genel yo\u011fun bak\u0131m, kvc, yeni do\u011fan )teknolojik alt yap\u0131s\u0131 ve cihaz donan\u0131mlar\u0131,\u00f6zellikli bran\u015f ve klinikleri otelcilik hizmeti \u00f6n planda olan sekt\u00f6r\u00fcn bulundu\u011fu konum itibariyle rekabet\u00e7i hastanesi konumundad\u0131r.\n                  <\/p>\n                  <a href=\"https:\/\/www.balvinihealth.com\/tr\/randevu\/\" class=\"u-btn u-button-style u-btn-1\">\u00dcCRETS\u0130Z DANI\u015eMANLIK H\u0130ZMET\u0130 ALIN<\/a>\n                <\/div>\n              <\/div>\n            <\/div>\n          <\/div>\n        <\/div>\n      <\/div>\n    <\/section>\n    <section class=\"u-clearfix u-section-3\" id=\"carousel_9202\">\n      <div class=\"u-clearfix u-sheet u-sheet-1\">\n        <div class=\"u-align-center-md u-align-center-sm u-align-center-xs u-expanded-width-lg u-expanded-width-xl u-gallery u-layout-grid u-lightbox u-no-transition u-show-text-none u-gallery-1\">\n          <div class=\"u-gallery-inner u-gallery-inner-1\">\n            <div class=\"u-effect-hover-zoom u-gallery-item\">\n              <div class=\"u-back-slide\" data-image-width=\"1000\" data-image-height=\"664\">\n                <img class=\"u-back-image u-expanded lazyload\" data-src=\"https:\/\/www.balvinihealth.com\/tr\/wp-content\/uploads\/sites\/19\/2023\/02\/Medicana_kadiky.jpg\">\n              <\/div>\n              <div class=\"u-container-align-center-md u-container-align-center-sm u-container-align-center-xs u-over-slide u-shading u-over-slide-1\">\n                <h3 class=\"u-align-center-md u-align-center-sm u-align-center-xs u-gallery-heading\" style=\"width: 680px; margin-right: auto; margin-left: auto;\"><\/h3>\n                <p class=\"u-align-center-md u-align-center-sm u-align-center-xs u-gallery-text\" style=\"width: 680px; margin-right: auto; margin-left: auto;\"><\/p>\n              <\/div>\n            <\/div>\n            <div class=\"u-effect-hover-zoom u-gallery-item\">\n              <div class=\"u-back-slide\" data-image-width=\"260\" data-image-height=\"260\">\n                <img class=\"u-back-image u-expanded lazyload\" data-src=\"https:\/\/www.balvinihealth.com\/tr\/wp-content\/uploads\/sites\/19\/2023\/02\/medicana_slayt_05.jpg\">\n              <\/div>\n              <div class=\"u-container-align-center-md u-container-align-center-sm u-container-align-center-xs u-over-slide u-shading u-over-slide-2\">\n                <h3 class=\"u-align-center-md u-align-center-sm u-align-center-xs u-gallery-heading\" style=\"width: 680px; margin-right: auto; margin-left: auto;\"><\/h3>\n                <p class=\"u-align-center-md u-align-center-sm u-align-center-xs u-gallery-text\" style=\"width: 680px; margin-right: auto; margin-left: auto;\"><\/p>\n              <\/div>\n            <\/div>\n            <div class=\"u-effect-hover-zoom u-gallery-item\">\n              <div class=\"u-back-slide\" data-image-width=\"260\" data-image-height=\"260\">\n                <img class=\"u-back-image u-expanded lazyload\" data-src=\"https:\/\/www.balvinihealth.com\/tr\/wp-content\/uploads\/sites\/19\/2023\/02\/medicana_slayt_02.jpg\">\n              <\/div>\n              <div class=\"u-container-align-center-md u-container-align-center-sm u-container-align-center-xs u-over-slide u-shading u-over-slide-3\">\n                <h3 class=\"u-align-center-md u-align-center-sm u-align-center-xs u-gallery-heading\" style=\"width: 680px; margin-right: auto; margin-left: auto;\"><\/h3>\n                <p class=\"u-align-center-md u-align-center-sm u-align-center-xs u-gallery-text\" style=\"width: 680px; margin-right: auto; margin-left: auto;\"><\/p>\n              <\/div>\n            <\/div>\n            <div class=\"u-effect-hover-zoom u-gallery-item\">\n              <div class=\"u-back-slide\" data-image-width=\"260\" data-image-height=\"260\">\n                <img class=\"u-back-image u-expanded lazyload\" data-src=\"https:\/\/www.balvinihealth.com\/tr\/wp-content\/uploads\/sites\/19\/2023\/02\/medicana_slayt_03.jpg\">\n              <\/div>\n              <div class=\"u-container-align-center-md u-container-align-center-sm u-container-align-center-xs u-over-slide u-shading u-over-slide-4\">\n                <h3 class=\"u-align-center-md u-align-center-sm u-align-center-xs u-gallery-heading\" style=\"width: 680px; margin-right: auto; margin-left: auto;\"><\/h3>\n                <p class=\"u-align-center-md u-align-center-sm u-align-center-xs u-gallery-text\" style=\"width: 680px; margin-right: auto; margin-left: auto;\"><\/p>\n              <\/div>\n            <\/div>\n            <div class=\"u-effect-hover-zoom u-gallery-item\">\n              <div class=\"u-back-slide\" data-image-width=\"260\" data-image-height=\"260\">\n                <img class=\"u-back-image u-expanded lazyload\" data-src=\"https:\/\/www.balvinihealth.com\/tr\/wp-content\/uploads\/sites\/19\/2023\/02\/medicana_slayt_04.jpg\">\n              <\/div>\n              <div class=\"u-container-align-center-md u-container-align-center-sm u-container-align-center-xs u-over-slide u-shading u-over-slide-5\">\n                <h3 class=\"u-align-center-md u-align-center-sm u-align-center-xs u-gallery-heading\" style=\"width: 680px; margin-right: auto; margin-left: auto;\"><\/h3>\n                <p class=\"u-align-center-md u-align-center-sm u-align-center-xs u-gallery-text\" style=\"width: 680px; margin-right: auto; margin-left: auto;\"><\/p>\n              <\/div>\n            <\/div>\n            <div class=\"u-effect-hover-zoom u-gallery-item\">\n              <div class=\"u-back-slide\" data-image-width=\"260\" data-image-height=\"260\">\n                <img class=\"u-back-image u-expanded lazyload\" data-src=\"https:\/\/www.balvinihealth.com\/tr\/wp-content\/uploads\/sites\/19\/2023\/02\/medicana_slayt_01.jpg\">\n              <\/div>\n              <div class=\"u-container-align-center-md u-container-align-center-sm u-container-align-center-xs u-over-slide u-shading u-over-slide-6\">\n                <h3 class=\"u-align-center-md u-align-center-sm u-align-center-xs u-gallery-heading\" style=\"width: 680px; margin-right: auto; margin-left: auto;\"><\/h3>\n                <p class=\"u-align-center-md u-align-center-sm u-align-center-xs u-gallery-text\" style=\"width: 680px; margin-right: auto; margin-left: auto;\"><\/p>\n              <\/div>\n            <\/div>\n            <div class=\"u-effect-hover-zoom u-gallery-item\">\n              <div class=\"u-back-slide\" data-image-width=\"260\" data-image-height=\"260\">\n                <img class=\"u-back-image u-expanded lazyload\" data-src=\"https:\/\/www.balvinihealth.com\/tr\/wp-content\/uploads\/sites\/19\/2023\/02\/medicana_slayt_08.jpg\">\n              <\/div>\n              <div class=\"u-container-align-center-md u-container-align-center-sm u-container-align-center-xs u-over-slide u-shading u-over-slide-7\">\n                <h3 class=\"u-align-center-md u-align-center-sm u-align-center-xs u-gallery-heading\" style=\"width: 680px; margin-right: auto; margin-left: auto;\"><\/h3>\n                <p class=\"u-align-center-md u-align-center-sm u-align-center-xs u-gallery-text\" style=\"width: 680px; margin-right: auto; margin-left: auto;\"><\/p>\n              <\/div>\n            <\/div>\n            <div class=\"u-effect-hover-zoom u-gallery-item\">\n              <div class=\"u-back-slide\" data-image-width=\"260\" data-image-height=\"260\">\n                <img class=\"u-back-image u-expanded lazyload\" data-src=\"https:\/\/www.balvinihealth.com\/tr\/wp-content\/uploads\/sites\/19\/2023\/02\/medicana_slayt_07.jpg\">\n              <\/div>\n              <div class=\"u-container-align-center-md u-container-align-center-sm u-container-align-center-xs u-over-slide u-shading u-over-slide-8\">\n                <h3 class=\"u-align-center-md u-align-center-sm u-align-center-xs u-gallery-heading\" style=\"width: 680px; margin-right: auto; margin-left: auto;\"><\/h3>\n                <p class=\"u-align-center-md u-align-center-sm u-align-center-xs u-gallery-text\" style=\"width: 680px; margin-right: auto; margin-left: auto;\"><\/p>\n              <\/div>\n            <\/div>\n            <div class=\"u-effect-hover-zoom u-gallery-item\">\n              <div class=\"u-back-slide\" data-image-width=\"260\" data-image-height=\"260\">\n                <img class=\"u-back-image u-expanded lazyload\" data-src=\"https:\/\/www.balvinihealth.com\/tr\/wp-content\/uploads\/sites\/19\/2023\/02\/medicana_slayt_09.jpg\">\n              <\/div>\n              <div class=\"u-container-align-center-md u-container-align-center-sm u-container-align-center-xs u-over-slide u-shading u-over-slide-9\">\n                <h3 class=\"u-align-center-md u-align-center-sm u-align-center-xs u-gallery-heading\" style=\"width: 680px; margin-right: auto; margin-left: auto;\"><\/h3>\n                <p class=\"u-align-center-md u-align-center-sm u-align-center-xs u-gallery-text\" style=\"width: 680px; margin-right: auto; margin-left: auto;\"><\/p>\n              <\/div>\n            <\/div>\n            <div class=\"u-effect-hover-zoom u-gallery-item\">\n              <div class=\"u-back-slide\" data-image-width=\"260\" data-image-height=\"260\">\n                <img class=\"u-back-image u-expanded lazyload\" data-src=\"https:\/\/www.balvinihealth.com\/tr\/wp-content\/uploads\/sites\/19\/2023\/02\/medicana_slayt_11.jpg\">\n              <\/div>\n              <div class=\"u-container-align-center-md u-container-align-center-sm u-container-align-center-xs u-over-slide u-shading u-over-slide-10\">\n                <h3 class=\"u-align-center-md u-align-center-sm u-align-center-xs u-gallery-heading\" style=\"width: 680px; margin-right: auto; margin-left: auto;\"><\/h3>\n                <p class=\"u-align-center-md u-align-center-sm u-align-center-xs u-gallery-text\" style=\"width: 680px; margin-right: auto; margin-left: auto;\"><\/p>\n              <\/div>\n            <\/div>\n            <div class=\"u-effect-hover-zoom u-gallery-item\">\n              <div class=\"u-back-slide\" data-image-width=\"260\" data-image-height=\"260\">\n                <img class=\"u-back-image u-expanded lazyload\" data-src=\"https:\/\/www.balvinihealth.com\/tr\/wp-content\/uploads\/sites\/19\/2023\/02\/medicana_slayt_12.jpg\">\n              <\/div>\n              <div class=\"u-container-align-center-md u-container-align-center-sm u-container-align-center-xs u-over-slide u-shading u-over-slide-11\">\n                <h3 class=\"u-align-center-md u-align-center-sm u-align-center-xs u-gallery-heading\" style=\"width: 680px; margin-right: auto; margin-left: auto;\"><\/h3>\n                <p class=\"u-align-center-md u-align-center-sm u-align-center-xs u-gallery-text\" style=\"width: 680px; margin-right: auto; margin-left: auto;\"><\/p>\n              <\/div>\n            <\/div>\n            <div class=\"u-effect-hover-zoom u-gallery-item\">\n              <div class=\"u-back-slide\" data-image-width=\"260\" data-image-height=\"260\">\n                <img class=\"u-back-image u-expanded lazyload\" data-src=\"https:\/\/www.balvinihealth.com\/tr\/wp-content\/uploads\/sites\/19\/2023\/02\/medicana_slayt_10.jpg\">\n              <\/div>\n              <div class=\"u-container-align-center-md u-container-align-center-sm u-container-align-center-xs u-over-slide u-shading u-over-slide-12\">\n                <h3 class=\"u-align-center-md u-align-center-sm u-align-center-xs u-gallery-heading\" style=\"width: 680px; margin-right: auto; margin-left: auto;\"><\/h3>\n                <p class=\"u-align-center-md u-align-center-sm u-align-center-xs u-gallery-text\" style=\"width: 680px; margin-right: auto; margin-left: auto;\"><\/p>\n              <\/div>\n            <\/div>\n          <\/div>\n        <\/div>\n      <\/div>\n    <\/section>\n    \n    \n  \n","protected":false},"excerpt":{"rendered":"<p>Medicana International\u200b Istanbul Medicana International \u0130stanbul Hastanesi, 30000 m2 kapal\u0131 alana sahiptir. Hasta katlar\u0131 ve poliklinik katlar\u0131 olmak \u00fczere birbirine ge\u00e7i\u015fli iki b\u00f6l\u00fcmden meydana gelmi\u015ftir. Hastanemiz, \u0130stanbul, Trakya ve Avrupa\u2019dan gelecek hastalara hizmet verecek kapasite ve teknik \u00f6zelliklerde in\u015fa edilmi\u015ftir. Dahili ve Cerrahi Yo\u011fun Bak\u0131m \u00dcnitesi, Kardiyovask\u00fcler Cerrahi Yo\u011fun Bak\u0131m \u00dcnitesi, Koroner Yo\u011fun Bak\u0131m ve &hellip; <a href=\"https:\/\/www.balvinihealth.com\/tr\/clinicks\/\" class=\"more-link\">Continue reading<span class=\"screen-reader-text\"> &#8220;MEDICANA&#8221;<\/span><\/a><\/p>\n","protected":false},"author":1,"featured_media":0,"parent":0,"menu_order":0,"comment_status":"closed","ping_status":"closed","template":"","meta":{"_joinchat":[],"footnotes":""},"class_list":["post-5217","page","type-page","status-publish","hentry"],"_links":{"self":[{"href":"https:\/\/www.balvinihealth.com\/tr\/wp-json\/wp\/v2\/pages\/5217"}],"collection":[{"href":"https:\/\/www.balvinihealth.com\/tr\/wp-json\/wp\/v2\/pages"}],"about":[{"href":"https:\/\/www.balvinihealth.com\/tr\/wp-json\/wp\/v2\/types\/page"}],"author":[{"embeddable":true,"href":"https:\/\/www.balvinihealth.com\/tr\/wp-json\/wp\/v2\/users\/1"}],"replies":[{"embeddable":true,"href":"https:\/\/www.balvinihealth.com\/tr\/wp-json\/wp\/v2\/comments?post=5217"}],"version-history":[{"count":7,"href":"https:\/\/www.balvinihealth.com\/tr\/wp-json\/wp\/v2\/pages\/5217\/revisions"}],"predecessor-version":[{"id":5293,"href":"https:\/\/www.balvinihealth.com\/tr\/wp-json\/wp\/v2\/pages\/5217\/revisions\/5293"}],"wp:attachment":[{"href":"https:\/\/www.balvinihealth.com\/tr\/wp-json\/wp\/v2\/media?parent=5217"}],"curies":[{"name":"wp","href":"https:\/\/api.w.org\/{rel}","templated":true}]}}