{"id":5299,"date":"2023-03-28T21:37:29","date_gmt":"2023-03-28T21:37:29","guid":{"rendered":"https:\/\/www.balvinihealth.com\/tr\/?page_id=5299"},"modified":"2024-09-22T21:41:28","modified_gmt":"2024-09-22T21:41:28","slug":"memorial","status":"publish","type":"page","link":"https:\/\/www.balvinihealth.com\/tr\/memorial\/","title":{"rendered":"MEMORIAL"},"content":{"rendered":"\n    \n    <section class=\"u-clearfix u-section-2\" id=\"carousel_203b\">\n      <div class=\"u-clearfix u-sheet u-sheet-1\">\n        <div class=\"u-clearfix u-expanded-width u-gutter-0 u-layout-wrap u-layout-wrap-1\">\n          <div class=\"u-gutter-0 u-layout\">\n            <div class=\"u-layout-row\">\n              <div class=\"u-container-style u-layout-cell u-right-cell u-shape-rectangle u-size-22 u-layout-cell-1\">\n                <div class=\"u-container-layout u-container-layout-1\">\n                  <div class=\"u-container-style u-expanded-width u-grey-5 u-group u-shape-rectangle u-group-1\">\n                    <div class=\"u-container-layout u-valign-middle u-container-layout-2\">\n                      <img class=\"u-image u-image-contain u-image-default u-preserve-proportions lazyload u-image-1\" alt=\"\" data-image-width=\"224\" data-image-height=\"30\" data-src=\"https:\/\/www.balvinihealth.com\/tr\/wp-content\/uploads\/sites\/19\/2023\/03\/memorial_logo.png\">\n                    <\/div>\n                  <\/div>\n                  <img class=\"u-expanded-width u-image u-image-default u-preserve-proportions lazyload u-image-2\" alt=\"\" data-image-width=\"800\" data-image-height=\"515\" data-src=\"https:\/\/www.balvinihealth.com\/tr\/wp-content\/uploads\/sites\/19\/2023\/03\/memorial_ataehir.jpg\">\n                <\/div>\n              <\/div>\n              <div class=\"u-align-left u-container-style u-layout-cell u-left-cell u-size-38 u-layout-cell-2\" data-href=\"https:\/\/www.balvinihealth.com\/tr\/randevu\/\" title=\"RANDEVU ALIN\">\n                <div class=\"u-container-layout u-valign-top u-container-layout-3\">\n                  <h1 class=\"u-text u-text-default u-text-1\"> Memorial Sa\u011fl\u0131k Grubu<\/h1>\n                  <div class=\"u-border-3 u-border-palette-4-base u-line u-line-horizontal u-line-1\"><\/div>\n                  <p class=\"u-text u-text-default u-text-2\"> Memorial Sa\u011fl\u0131k Grubu, se\u00e7kin kadrosu ve memnuniyet odakl\u0131 uluslararas\u0131 kalite standartlar\u0131nda hizmet anlay\u0131\u015f\u0131 ile etik ilkeler \u0131\u015f\u0131\u011f\u0131nda, sekt\u00f6rde \u00f6nc\u00fc uygulamalarla fark yaratarak, sa\u011fl\u0131kta d\u00fcnya markas\u0131 olmak misyonu ile kurulmu\u015f ve ilk hastas\u0131n\u0131 \u015eubat 2000\u2019de kabul etmi\u015ftir.&nbsp;<br>\n                    <br>T\u00fcrkiye'yi, d\u00fcnya standartlar\u0131nda kaliteli sa\u011fl\u0131k hizmeti ile tan\u0131\u015ft\u0131ran Memorial, JCI Akreditasyon Kalite Belgesi'ni alan (Joint Commission International) T\u00fcrkiye'nin ilk, d\u00fcnyan\u0131n 21. hastanesidir.&nbsp;<br>\n                    <br>Memorial uzman doktorlar\u0131, bilgi ve birikimlerini yak\u0131n ilgi ile birle\u015ftiren sa\u011fl\u0131k personeli, hasta odakl\u0131 hizmet anlay\u0131\u015f\u0131, kalite politikas\u0131, ileri t\u0131p teknolojisi ile donat\u0131lan tan\u0131-tedavi \u00fcniteleri, modern mekanlar\u0131 ve konforlu hasta odalar\u0131 ile sa\u011fl\u0131kta g\u00fcvenin adresidir.Memorial \u0130stanbul, Ankara, Kayseri, Antalya ve Diyarbak\u0131r\u2019da bulunan 12 hastane, 1&nbsp;t\u0131p merkezi, 1 wellness merkezi ile sa\u011fl\u0131\u011f\u0131n\u0131z i\u00e7in daima yan\u0131n\u0131zda...\n                  <\/p>\n                  <a href=\"https:\/\/www.balvinihealth.com\/tr\/randevu\/\" class=\"u-btn u-button-style u-btn-1\">\u00dcCRETS\u0130Z DANI\u015eMANLIK H\u0130ZMET\u0130 ALIN<\/a>\n                <\/div>\n              <\/div>\n            <\/div>\n          <\/div>\n        <\/div>\n      <\/div>\n    <\/section>\n    <section class=\"u-clearfix u-section-3\" id=\"carousel_f94f\">\n      <div class=\"u-clearfix u-sheet u-valign-middle-xs u-sheet-1\">\n        <div class=\"u-clearfix u-expanded-width u-gutter-0 u-layout-wrap u-layout-wrap-1\">\n          <div class=\"u-gutter-0 u-layout\">\n            <div class=\"u-layout-row\">\n              <div class=\"u-align-left u-container-style u-layout-cell u-left-cell u-size-38 u-layout-cell-1\" data-href=\"https:\/\/www.balvinihealth.com\/tr\/randevu\/\" title=\"RANDEVU ALIN\">\n                <div class=\"u-container-layout u-container-layout-1\">\n                  <h1 class=\"u-text u-text-default u-text-1\">Hastane Hakk\u0131nda<\/h1>\n                  <div class=\"u-border-3 u-border-palette-4-base u-line u-line-horizontal u-line-1\"><\/div>\n                  <p class=\"u-text u-text-default u-text-2\"> 2010 y\u0131l\u0131nda hizmete giren Memorial Ata\u015fehir Hastanesi, modern mimarisi, ileri teknoloji cihazlar\u0131, konforlu hasta odalar\u0131 ve poliklinikleri ile hastalar\u0131n kendilerini \u00f6zel ve g\u00fcvende hissetmeleri i\u00e7in t\u00fcm detaylar d\u00fc\u015f\u00fcn\u00fclerek tasarland\u0131.Uluslararas\u0131 sa\u011fl\u0131k standartlar\u0131nda, modern altyap\u0131s\u0131 ve \u00fcst\u00fcn t\u0131p teknolojisi ile hizmet veren Memorial Ata\u015fehir Hastanesi\u2019nin, \u0130stanbul Anadolu yakas\u0131nda 22 bin m2\u2019lik alan \u00fczerine kurulu kamp\u00fcs\u00fcnde 144 yatak kapasitesi bulunuyor.<br>\n                    <br>Memorial Ata\u015fehir Hastanesi, hastalar\u0131n radyolojik incelemeler s\u0131ras\u0131nda kendilerini rahat hissetmeleri i\u00e7in ambians teknolojisi ile haz\u0131rlanm\u0131\u015f MR ve BT odalar\u0131 ile fark yaratan bir sa\u011fl\u0131k anlay\u0131\u015f\u0131 sunuyor.Kalp ve Damar Cerrahisi, Organ Nakli, T\u0131bbi Onkoloji, da Vinci Robotik Cerrahi ve T\u00fcp Bebek ba\u015fta olmak \u00fczere t\u00fcm bran\u015flarda hizmet veren hastane, Koroner Yo\u011fun Bak\u0131m, Genel Yo\u011fun Bak\u0131m, KVC Yo\u011fun Bak\u0131m ve Yenido\u011fan Yo\u011fun Bak\u0131m \u00dcniteleri, Koroner Anjio, Anjio servisi ve tam donan\u0131ml\u0131 ameliyathaneleri ile teknolojinin ula\u015ft\u0131\u011f\u0131 en ileri d\u00fczeyde tan\u0131 ve tedavi hizmeti veriyor.Memorial Ata\u015fehir Hastanesi insana verdi\u011fi de\u011feri, sundu\u011fu sa\u011fl\u0131k hizmetlerinin her alan\u0131nda hissettiriyor.&nbsp;<br>\n                    <br>Hastanede t\u00fcm tan\u0131 ve tedavi hizmetleri multidisipliner bir yakla\u015f\u0131mla sunuluyor.Organ Nakli Merkezi\u2019nde yap\u0131lan karaci\u011fer ve b\u00f6brek nakli ameliyatlar\u0131nda d\u00fcnya ortalamas\u0131n\u0131n \u00fcst\u00fcnde ba\u015far\u0131ya sahip olan Memorial Ata\u015fehir Hastanesi\u2019nin T\u00fcp Bebek Merkezi, Memorial Sa\u011fl\u0131k Grubu\u2019nun \u0130stanbul Anadolu yakas\u0131ndaki t\u00fcp bebek tedavi \u00fcss\u00fc olarak hizmet veriyor.T\u0131bbi Onkoloji B\u00f6l\u00fcm\u00fc\u2019nde; kanser tan\u0131 ve tedavi s\u00fcre\u00e7lerinin t\u00fcm a\u015famalar\u0131nda hizmet sunuluyor. Ata\u015fehir\u2019de uygulanan modern tedavi y\u00f6ntemleriyle kanser hastal\u0131\u011f\u0131 ile m\u00fccadele en etkin \u015fekilde ger\u00e7ekle\u015ftiriliyor.<br>\n                    <br>Memorial Ata\u015fehir Hastanesi; ki\u015fiye huzurlu ve kendini g\u00fcvende hissettiren tecr\u00fcbeli hekim kadrosu, g\u00fcler y\u00fczl\u00fc \u00e7al\u0131\u015fanlar\u0131, \u00fcst\u00fcn altyap\u0131 ve teknik donan\u0131m\u0131 ile her bran\u015fta 7 g\u00fcn 24 saat sa\u011fl\u0131k hizmeti sunuyor.\n                  <\/p>\n                <\/div>\n              <\/div>\n              <div class=\"u-container-style u-layout-cell u-right-cell u-shape-rectangle u-size-22 u-layout-cell-2\">\n                <div class=\"u-container-layout u-container-layout-2\">\n                  <div class=\"u-container-style u-expanded-width u-grey-5 u-group u-shape-rectangle u-group-1\">\n                    <div class=\"u-container-layout u-valign-middle u-container-layout-3\">\n                      <img class=\"u-image u-image-contain u-image-default u-preserve-proportions lazyload u-image-1\" alt=\"\" data-image-width=\"224\" data-image-height=\"30\" data-src=\"https:\/\/www.balvinihealth.com\/tr\/wp-content\/uploads\/sites\/19\/2023\/03\/memorial_logo.png\">\n                    <\/div>\n                  <\/div>\n                  <img class=\"u-expanded-width u-image u-image-default u-preserve-proportions lazyload u-image-2\" alt=\"\" data-image-width=\"2148\" data-image-height=\"1152\" data-src=\"https:\/\/www.balvinihealth.com\/tr\/wp-content\/uploads\/sites\/19\/2023\/03\/memorial_bahelievler.jpg\">\n                  <a href=\"https:\/\/www.balvinihealth.com\/tr\/randevu\/\" class=\"u-btn u-button-style u-btn-1\">\u00dcCRETS\u0130Z DANI\u015eMANLIK H\u0130ZMET\u0130 ALIN<\/a>\n                <\/div>\n              <\/div>\n            <\/div>\n          <\/div>\n        <\/div>\n      <\/div>\n    <\/section>\n    \n    \n  \n","protected":false},"excerpt":{"rendered":"<p>Memorial Sa\u011fl\u0131k Grubu Memorial Sa\u011fl\u0131k Grubu, se\u00e7kin kadrosu ve memnuniyet odakl\u0131 uluslararas\u0131 kalite standartlar\u0131nda hizmet anlay\u0131\u015f\u0131 ile etik ilkeler \u0131\u015f\u0131\u011f\u0131nda, sekt\u00f6rde \u00f6nc\u00fc uygulamalarla fark yaratarak, sa\u011fl\u0131kta d\u00fcnya markas\u0131 olmak misyonu ile kurulmu\u015f ve ilk hastas\u0131n\u0131 \u015eubat 2000\u2019de kabul etmi\u015ftir.&nbsp; T\u00fcrkiye&#8217;yi, d\u00fcnya standartlar\u0131nda kaliteli sa\u011fl\u0131k hizmeti ile tan\u0131\u015ft\u0131ran Memorial, JCI Akreditasyon Kalite Belgesi&#8217;ni alan (Joint Commission &hellip; <a href=\"https:\/\/www.balvinihealth.com\/tr\/memorial\/\" class=\"more-link\">Continue reading<span class=\"screen-reader-text\"> &#8220;MEMORIAL&#8221;<\/span><\/a><\/p>\n","protected":false},"author":1,"featured_media":0,"parent":0,"menu_order":0,"comment_status":"closed","ping_status":"closed","template":"","meta":{"_joinchat":[],"footnotes":""},"class_list":["post-5299","page","type-page","status-publish","hentry"],"_links":{"self":[{"href":"https:\/\/www.balvinihealth.com\/tr\/wp-json\/wp\/v2\/pages\/5299"}],"collection":[{"href":"https:\/\/www.balvinihealth.com\/tr\/wp-json\/wp\/v2\/pages"}],"about":[{"href":"https:\/\/www.balvinihealth.com\/tr\/wp-json\/wp\/v2\/types\/page"}],"author":[{"embeddable":true,"href":"https:\/\/www.balvinihealth.com\/tr\/wp-json\/wp\/v2\/users\/1"}],"replies":[{"embeddable":true,"href":"https:\/\/www.balvinihealth.com\/tr\/wp-json\/wp\/v2\/comments?post=5299"}],"version-history":[{"count":5,"href":"https:\/\/www.balvinihealth.com\/tr\/wp-json\/wp\/v2\/pages\/5299\/revisions"}],"predecessor-version":[{"id":5370,"href":"https:\/\/www.balvinihealth.com\/tr\/wp-json\/wp\/v2\/pages\/5299\/revisions\/5370"}],"wp:attachment":[{"href":"https:\/\/www.balvinihealth.com\/tr\/wp-json\/wp\/v2\/media?parent=5299"}],"curies":[{"name":"wp","href":"https:\/\/api.w.org\/{rel}","templated":true}]}}